{"id":5034,"date":"2018-11-30T17:23:00","date_gmt":"2018-11-30T17:23:00","guid":{"rendered":"https:\/\/ofelizpainel.com\/telechargements\/documents\/"},"modified":"2026-03-06T15:04:59","modified_gmt":"2026-03-06T15:04:59","slug":"autres","status":"publish","type":"page","link":"https:\/\/ofelizpainel.com\/fr\/telechargements\/autres\/","title":{"rendered":"Autres"},"content":{"rendered":"<div class=\"wpb-content-wrapper\"><p>[vc_section 0=&nbsp;&raquo;&nbsp;&raquo; el_class=&nbsp;&raquo;oitentaheight&nbsp;&raquo;][vc_row css=&nbsp;&raquo;.vc_custom_1683214980993{margin-bottom: 40px !important;}&nbsp;&raquo;][vc_column width=&nbsp;&raquo;1\/2&Prime;][vc_row_inner][vc_column_inner width=&nbsp;&raquo;1\/3&Prime;][vc_single_image image=&nbsp;&raquo;7769&Prime; img_size=&nbsp;&raquo;large&nbsp;&raquo; onclick=&nbsp;&raquo;custom_link&nbsp;&raquo; img_link_target=&nbsp;&raquo;_blank&nbsp;&raquo; css=&nbsp;&raquo;&nbsp;&raquo;][\/vc_column_inner][vc_column_inner width=&nbsp;&raquo;2\/3&Prime;][vc_separator color=&nbsp;&raquo;black&nbsp;&raquo; align=&nbsp;&raquo;align_left&nbsp;&raquo;][vc_empty_space height=&nbsp;&raquo;10px&nbsp;&raquo;][vc_column_text 0=&nbsp;&raquo;&nbsp;&raquo; css=&nbsp;&raquo;&nbsp;&raquo;]Fiche d&rsquo;information du Projet n\u00ba POCI-02-0853-FEDER-179705[\/vc_column_text][vc_empty_space height=&nbsp;&raquo;10px&nbsp;&raquo;][vc_btn title=&nbsp;&raquo;FEDER-179705.pdf&nbsp;&raquo; style=&nbsp;&raquo;outline&nbsp;&raquo; shape=&nbsp;&raquo;square&nbsp;&raquo; color=&nbsp;&raquo;black&nbsp;&raquo; size=&nbsp;&raquo;xs&nbsp;&raquo; align=&nbsp;&raquo;left&nbsp;&raquo; i_icon_fontawesome=&nbsp;&raquo;fa fa-file-pdf-o&nbsp;&raquo; add_icon=&nbsp;&raquo;true&nbsp;&raquo; link=&nbsp;&raquo;url:https%3A%2F%2Fofelizpainel.com%2Fwp-content%2Fuploads%2F2023%2F12%2FFichaProjeto-FEDER-179705.pdf.pdf|title:SI%20Inova%C3%A7%C3%A3o%20Produtiva|target:%20_blank|&nbsp;&raquo;][vc_empty_space 0=&nbsp;&raquo;&nbsp;&raquo;][vc_column_text css=&nbsp;&raquo;&nbsp;&raquo; el_class=&nbsp;&raquo;vermelho&nbsp;&raquo;]<a style=\"color: rbg(237, 28, 36)!important;\" href=\"http:\/\/ofelizpainel.com\/fr\/telechargements\/\">&lt; retour<\/a>[\/vc_column_text][\/vc_column_inner][\/vc_row_inner][\/vc_column][vc_column width=&nbsp;&raquo;1\/2&Prime;][vc_row_inner][vc_column_inner width=&nbsp;&raquo;1\/3&Prime;][vc_single_image image=&nbsp;&raquo;7790&Prime; img_size=&nbsp;&raquo;large&nbsp;&raquo; onclick=&nbsp;&raquo;custom_link&nbsp;&raquo; img_link_target=&nbsp;&raquo;_blank&nbsp;&raquo; css=&nbsp;&raquo;&nbsp;&raquo;][\/vc_column_inner][vc_column_inner width=&nbsp;&raquo;2\/3&Prime;][vc_separator color=&nbsp;&raquo;black&nbsp;&raquo; align=&nbsp;&raquo;align_left&nbsp;&raquo;][vc_empty_space height=&nbsp;&raquo;10px&nbsp;&raquo;][vc_column_text 0=&nbsp;&raquo;&nbsp;&raquo; css=&nbsp;&raquo;&nbsp;&raquo;]Politique de confidentialit\u00e9: Termes et conditions[\/vc_column_text][vc_empty_space height=&nbsp;&raquo;10px&nbsp;&raquo;][vc_btn title=&nbsp;&raquo;PolitiqueConfidentialite.pdf&nbsp;&raquo; style=&nbsp;&raquo;outline&nbsp;&raquo; shape=&nbsp;&raquo;square&nbsp;&raquo; color=&nbsp;&raquo;black&nbsp;&raquo; size=&nbsp;&raquo;xs&nbsp;&raquo; align=&nbsp;&raquo;left&nbsp;&raquo; i_icon_fontawesome=&nbsp;&raquo;far fa-file-pdf&nbsp;&raquo; css=&nbsp;&raquo;&nbsp;&raquo; add_icon=&nbsp;&raquo;true&nbsp;&raquo; link=&nbsp;&raquo;url:https%3A%2F%2Fofelizpainel.com%2Fwp-content%2Fuploads%2F2024%2F07%2FOFPA-PoliticaPrivacidade-fr.pdf|title:Politique%20de%20Confidentialite|target:_blank&nbsp;&raquo;][vc_empty_space 0=&nbsp;&raquo;&nbsp;&raquo;][vc_column_text css=&nbsp;&raquo;&nbsp;&raquo; el_class=&nbsp;&raquo;vermelho&nbsp;&raquo;]<a style=\"color: rbg(237, 28, 36)!important;\" href=\"http:\/\/ofelizpainel.com\/fr\/telechargements\/\">&lt; retour<\/a>[\/vc_column_text][\/vc_column_inner][\/vc_row_inner][\/vc_column][\/vc_row][\/vc_section][vc_row css=&nbsp;&raquo;.vc_custom_1684314733605{margin-bottom: 100px !important;}&nbsp;&raquo;][vc_column width=&nbsp;&raquo;1\/2&Prime;][vc_raw_html]JTNDc3R5bGUlM0UlMjNtZW51LWl0ZW0tMTQ5JTdCY29sb3IlM0FyZ2IlMjgyMzclMkMyOCUyQzM2JTI5JTIxaW1wb3J0YW50JTNCJTdEJTNDJTJGc3R5bGUlM0U=[\/vc_raw_html][\/vc_column][\/vc_row]<\/p>\n<\/div>","protected":false},"excerpt":{"rendered":"<p>[vc_section 0=&nbsp;&raquo;&nbsp;&raquo; el_class=&nbsp;&raquo;oitentaheight&nbsp;&raquo;][vc_row css=&nbsp;&raquo;.vc_custom_1683214980993{margin-bottom: 40px !important;}&nbsp;&raquo;][vc_column width=&nbsp;&raquo;1\/2&Prime;][vc_row_inner][vc_column_inner width=&nbsp;&raquo;1\/3&Prime;][vc_single_image image=&nbsp;&raquo;7769&Prime; img_size=&nbsp;&raquo;large&nbsp;&raquo; onclick=&nbsp;&raquo;custom_link&nbsp;&raquo; img_link_target=&nbsp;&raquo;_blank&nbsp;&raquo; css=&nbsp;&raquo;&nbsp;&raquo;][\/vc_column_inner][vc_column_inner width=&nbsp;&raquo;2\/3&Prime;][vc_separator color=&nbsp;&raquo;black&nbsp;&raquo; align=&nbsp;&raquo;align_left&nbsp;&raquo;][vc_empty_space height=&nbsp;&raquo;10px&nbsp;&raquo;][vc_column_text 0=&nbsp;&raquo;&nbsp;&raquo; css=&nbsp;&raquo;&nbsp;&raquo;]Fiche d&rsquo;information du Projet n\u00ba POCI-02-0853-FEDER-179705[\/vc_column_text][vc_empty_space height=&nbsp;&raquo;10px&nbsp;&raquo;][vc_btn title=&nbsp;&raquo;FEDER-179705.pdf&nbsp;&raquo; style=&nbsp;&raquo;outline&nbsp;&raquo; shape=&nbsp;&raquo;square&nbsp;&raquo; color=&nbsp;&raquo;black&nbsp;&raquo; size=&nbsp;&raquo;xs&nbsp;&raquo; align=&nbsp;&raquo;left&nbsp;&raquo; i_icon_fontawesome=&nbsp;&raquo;fa fa-file-pdf-o&nbsp;&raquo; add_icon=&nbsp;&raquo;true&nbsp;&raquo; link=&nbsp;&raquo;url:https%3A%2F%2Fofelizpainel.com%2Fwp-content%2Fuploads%2F2023%2F12%2FFichaProjeto-FEDER-179705.pdf.pdf|title:SI%20Inova%C3%A7%C3%A3o%20Produtiva|target:%20_blank|&nbsp;&raquo;][vc_empty_space 0=&nbsp;&raquo;&nbsp;&raquo;][vc_column_text css=&nbsp;&raquo;&nbsp;&raquo; el_class=&nbsp;&raquo;vermelho&nbsp;&raquo;]&lt; retour[\/vc_column_text][\/vc_column_inner][\/vc_row_inner][\/vc_column][vc_column width=&nbsp;&raquo;1\/2&Prime;][vc_row_inner][vc_column_inner width=&nbsp;&raquo;1\/3&Prime;][vc_single_image image=&nbsp;&raquo;7790&Prime; img_size=&nbsp;&raquo;large&nbsp;&raquo; onclick=&nbsp;&raquo;custom_link&nbsp;&raquo; img_link_target=&nbsp;&raquo;_blank&nbsp;&raquo; css=&nbsp;&raquo;&nbsp;&raquo;][\/vc_column_inner][vc_column_inner width=&nbsp;&raquo;2\/3&Prime;][vc_separator color=&nbsp;&raquo;black&nbsp;&raquo; align=&nbsp;&raquo;align_left&nbsp;&raquo;][vc_empty_space height=&nbsp;&raquo;10px&nbsp;&raquo;][vc_column_text 0=&nbsp;&raquo;&nbsp;&raquo; css=&nbsp;&raquo;&nbsp;&raquo;]Politique de confidentialit\u00e9: Termes [&hellip;]<\/p>\n","protected":false},"author":3,"featured_media":0,"parent":1403,"menu_order":0,"comment_status":"closed","ping_status":"closed","template":"","meta":{"footnotes":""},"class_list":["post-5034","page","type-page","status-publish","hentry"],"acf":[],"yoast_head":"<!-- This site is optimized with the Yoast SEO plugin v23.1 - https:\/\/yoast.com\/wordpress\/plugins\/seo\/ -->\n<title>Autres &#8212; O FELIZ Painel<\/title>\n<meta name=\"robots\" content=\"index, follow, max-snippet:-1, max-image-preview:large, max-video-preview:-1\" \/>\n<link rel=\"canonical\" href=\"https:\/\/ofelizpainel.com\/fr\/telechargements\/autres\/\" \/>\n<meta property=\"og:locale\" content=\"fr_FR\" \/>\n<meta property=\"og:type\" content=\"article\" \/>\n<meta property=\"og:title\" content=\"Autres &#8212; O FELIZ Painel\" \/>\n<meta property=\"og:description\" content=\"[vc_section 0=&nbsp;&raquo;&nbsp;&raquo; el_class=&nbsp;&raquo;oitentaheight&nbsp;&raquo;][vc_row css=&nbsp;&raquo;.vc_custom_1683214980993{margin-bottom: 40px !important;}&nbsp;&raquo;][vc_column width=&nbsp;&raquo;1\/2&Prime;][vc_row_inner][vc_column_inner width=&nbsp;&raquo;1\/3&Prime;][vc_single_image image=&nbsp;&raquo;7769&Prime; img_size=&nbsp;&raquo;large&nbsp;&raquo; onclick=&nbsp;&raquo;custom_link&nbsp;&raquo; img_link_target=&nbsp;&raquo;_blank&nbsp;&raquo; css=&nbsp;&raquo;&nbsp;&raquo;][\/vc_column_inner][vc_column_inner width=&nbsp;&raquo;2\/3&Prime;][vc_separator color=&nbsp;&raquo;black&nbsp;&raquo; align=&nbsp;&raquo;align_left&nbsp;&raquo;][vc_empty_space height=&nbsp;&raquo;10px&nbsp;&raquo;][vc_column_text 0=&nbsp;&raquo;&nbsp;&raquo; css=&nbsp;&raquo;&nbsp;&raquo;]Fiche d&rsquo;information du Projet n\u00ba POCI-02-0853-FEDER-179705[\/vc_column_text][vc_empty_space height=&nbsp;&raquo;10px&nbsp;&raquo;][vc_btn title=&nbsp;&raquo;FEDER-179705.pdf&nbsp;&raquo; style=&nbsp;&raquo;outline&nbsp;&raquo; shape=&nbsp;&raquo;square&nbsp;&raquo; color=&nbsp;&raquo;black&nbsp;&raquo; size=&nbsp;&raquo;xs&nbsp;&raquo; align=&nbsp;&raquo;left&nbsp;&raquo; i_icon_fontawesome=&nbsp;&raquo;fa fa-file-pdf-o&nbsp;&raquo; add_icon=&nbsp;&raquo;true&nbsp;&raquo; link=&nbsp;&raquo;url:https%3A%2F%2Fofelizpainel.com%2Fwp-content%2Fuploads%2F2023%2F12%2FFichaProjeto-FEDER-179705.pdf.pdf|title:SI%20Inova%C3%A7%C3%A3o%20Produtiva|target:%20_blank|&nbsp;&raquo;][vc_empty_space 0=&nbsp;&raquo;&nbsp;&raquo;][vc_column_text css=&nbsp;&raquo;&nbsp;&raquo; el_class=&nbsp;&raquo;vermelho&nbsp;&raquo;]&lt; retour[\/vc_column_text][\/vc_column_inner][\/vc_row_inner][\/vc_column][vc_column width=&nbsp;&raquo;1\/2&Prime;][vc_row_inner][vc_column_inner width=&nbsp;&raquo;1\/3&Prime;][vc_single_image image=&nbsp;&raquo;7790&Prime; img_size=&nbsp;&raquo;large&nbsp;&raquo; onclick=&nbsp;&raquo;custom_link&nbsp;&raquo; img_link_target=&nbsp;&raquo;_blank&nbsp;&raquo; css=&nbsp;&raquo;&nbsp;&raquo;][\/vc_column_inner][vc_column_inner width=&nbsp;&raquo;2\/3&Prime;][vc_separator color=&nbsp;&raquo;black&nbsp;&raquo; align=&nbsp;&raquo;align_left&nbsp;&raquo;][vc_empty_space height=&nbsp;&raquo;10px&nbsp;&raquo;][vc_column_text 0=&nbsp;&raquo;&nbsp;&raquo; css=&nbsp;&raquo;&nbsp;&raquo;]Politique de confidentialit\u00e9: Termes [&hellip;]\" \/>\n<meta property=\"og:url\" content=\"https:\/\/ofelizpainel.com\/fr\/telechargements\/autres\/\" \/>\n<meta property=\"og:site_name\" content=\"O FELIZ Painel\" \/>\n<meta property=\"article:publisher\" content=\"https:\/\/www.facebook.com\/grupo.ofeliz\" \/>\n<meta property=\"article:modified_time\" content=\"2026-03-06T15:04:59+00:00\" \/>\n<meta name=\"twitter:card\" content=\"summary_large_image\" \/>\n<meta name=\"twitter:label1\" content=\"Dur\u00e9e de lecture estim\u00e9e\" \/>\n\t<meta name=\"twitter:data1\" content=\"1 minute\" \/>\n<script type=\"application\/ld+json\" class=\"yoast-schema-graph\">{\"@context\":\"https:\/\/schema.org\",\"@graph\":[{\"@type\":\"WebPage\",\"@id\":\"https:\/\/ofelizpainel.com\/fr\/telechargements\/autres\/\",\"url\":\"https:\/\/ofelizpainel.com\/fr\/telechargements\/autres\/\",\"name\":\"Autres &#8212; O FELIZ Painel\",\"isPartOf\":{\"@id\":\"https:\/\/ofelizpainel.com\/#website\"},\"datePublished\":\"2018-11-30T17:23:00+00:00\",\"dateModified\":\"2026-03-06T15:04:59+00:00\",\"breadcrumb\":{\"@id\":\"https:\/\/ofelizpainel.com\/fr\/telechargements\/autres\/#breadcrumb\"},\"inLanguage\":\"fr-FR\",\"potentialAction\":[{\"@type\":\"ReadAction\",\"target\":[\"https:\/\/ofelizpainel.com\/fr\/telechargements\/autres\/\"]}]},{\"@type\":\"BreadcrumbList\",\"@id\":\"https:\/\/ofelizpainel.com\/fr\/telechargements\/autres\/#breadcrumb\",\"itemListElement\":[{\"@type\":\"ListItem\",\"position\":1,\"name\":\"In\u00edcio\",\"item\":\"https:\/\/ofelizpainel.com\/fr\/\"},{\"@type\":\"ListItem\",\"position\":2,\"name\":\"Telechargements\",\"item\":\"https:\/\/ofelizpainel.com\/fr\/telechargements\/\"},{\"@type\":\"ListItem\",\"position\":3,\"name\":\"Autres\"}]},{\"@type\":\"WebSite\",\"@id\":\"https:\/\/ofelizpainel.com\/#website\",\"url\":\"https:\/\/ofelizpainel.com\/\",\"name\":\"O FELIZ Painel\",\"description\":\"Sistemas de Painel Isolante para Arquitetura, Constru\u00e7\u00e3o e C\u00e2maras de Frio\",\"potentialAction\":[{\"@type\":\"SearchAction\",\"target\":{\"@type\":\"EntryPoint\",\"urlTemplate\":\"https:\/\/ofelizpainel.com\/?s={search_term_string}\"},\"query-input\":\"required name=search_term_string\"}],\"inLanguage\":\"fr-FR\"}]}<\/script>\n<!-- \/ Yoast SEO plugin. -->","yoast_head_json":{"title":"Autres &#8212; O FELIZ Painel","robots":{"index":"index","follow":"follow","max-snippet":"max-snippet:-1","max-image-preview":"max-image-preview:large","max-video-preview":"max-video-preview:-1"},"canonical":"https:\/\/ofelizpainel.com\/fr\/telechargements\/autres\/","og_locale":"fr_FR","og_type":"article","og_title":"Autres &#8212; O FELIZ Painel","og_description":"[vc_section 0=&nbsp;&raquo;&nbsp;&raquo; el_class=&nbsp;&raquo;oitentaheight&nbsp;&raquo;][vc_row css=&nbsp;&raquo;.vc_custom_1683214980993{margin-bottom: 40px !important;}&nbsp;&raquo;][vc_column width=&nbsp;&raquo;1\/2&Prime;][vc_row_inner][vc_column_inner width=&nbsp;&raquo;1\/3&Prime;][vc_single_image image=&nbsp;&raquo;7769&Prime; img_size=&nbsp;&raquo;large&nbsp;&raquo; onclick=&nbsp;&raquo;custom_link&nbsp;&raquo; img_link_target=&nbsp;&raquo;_blank&nbsp;&raquo; css=&nbsp;&raquo;&nbsp;&raquo;][\/vc_column_inner][vc_column_inner width=&nbsp;&raquo;2\/3&Prime;][vc_separator color=&nbsp;&raquo;black&nbsp;&raquo; align=&nbsp;&raquo;align_left&nbsp;&raquo;][vc_empty_space height=&nbsp;&raquo;10px&nbsp;&raquo;][vc_column_text 0=&nbsp;&raquo;&nbsp;&raquo; css=&nbsp;&raquo;&nbsp;&raquo;]Fiche d&rsquo;information du Projet n\u00ba POCI-02-0853-FEDER-179705[\/vc_column_text][vc_empty_space height=&nbsp;&raquo;10px&nbsp;&raquo;][vc_btn title=&nbsp;&raquo;FEDER-179705.pdf&nbsp;&raquo; style=&nbsp;&raquo;outline&nbsp;&raquo; shape=&nbsp;&raquo;square&nbsp;&raquo; color=&nbsp;&raquo;black&nbsp;&raquo; size=&nbsp;&raquo;xs&nbsp;&raquo; align=&nbsp;&raquo;left&nbsp;&raquo; i_icon_fontawesome=&nbsp;&raquo;fa fa-file-pdf-o&nbsp;&raquo; add_icon=&nbsp;&raquo;true&nbsp;&raquo; link=&nbsp;&raquo;url:https%3A%2F%2Fofelizpainel.com%2Fwp-content%2Fuploads%2F2023%2F12%2FFichaProjeto-FEDER-179705.pdf.pdf|title:SI%20Inova%C3%A7%C3%A3o%20Produtiva|target:%20_blank|&nbsp;&raquo;][vc_empty_space 0=&nbsp;&raquo;&nbsp;&raquo;][vc_column_text css=&nbsp;&raquo;&nbsp;&raquo; el_class=&nbsp;&raquo;vermelho&nbsp;&raquo;]&lt; retour[\/vc_column_text][\/vc_column_inner][\/vc_row_inner][\/vc_column][vc_column width=&nbsp;&raquo;1\/2&Prime;][vc_row_inner][vc_column_inner width=&nbsp;&raquo;1\/3&Prime;][vc_single_image image=&nbsp;&raquo;7790&Prime; img_size=&nbsp;&raquo;large&nbsp;&raquo; onclick=&nbsp;&raquo;custom_link&nbsp;&raquo; img_link_target=&nbsp;&raquo;_blank&nbsp;&raquo; css=&nbsp;&raquo;&nbsp;&raquo;][\/vc_column_inner][vc_column_inner width=&nbsp;&raquo;2\/3&Prime;][vc_separator color=&nbsp;&raquo;black&nbsp;&raquo; align=&nbsp;&raquo;align_left&nbsp;&raquo;][vc_empty_space height=&nbsp;&raquo;10px&nbsp;&raquo;][vc_column_text 0=&nbsp;&raquo;&nbsp;&raquo; css=&nbsp;&raquo;&nbsp;&raquo;]Politique de confidentialit\u00e9: Termes [&hellip;]","og_url":"https:\/\/ofelizpainel.com\/fr\/telechargements\/autres\/","og_site_name":"O FELIZ Painel","article_publisher":"https:\/\/www.facebook.com\/grupo.ofeliz","article_modified_time":"2026-03-06T15:04:59+00:00","twitter_card":"summary_large_image","twitter_misc":{"Dur\u00e9e de lecture estim\u00e9e":"1 minute"},"schema":{"@context":"https:\/\/schema.org","@graph":[{"@type":"WebPage","@id":"https:\/\/ofelizpainel.com\/fr\/telechargements\/autres\/","url":"https:\/\/ofelizpainel.com\/fr\/telechargements\/autres\/","name":"Autres &#8212; O FELIZ Painel","isPartOf":{"@id":"https:\/\/ofelizpainel.com\/#website"},"datePublished":"2018-11-30T17:23:00+00:00","dateModified":"2026-03-06T15:04:59+00:00","breadcrumb":{"@id":"https:\/\/ofelizpainel.com\/fr\/telechargements\/autres\/#breadcrumb"},"inLanguage":"fr-FR","potentialAction":[{"@type":"ReadAction","target":["https:\/\/ofelizpainel.com\/fr\/telechargements\/autres\/"]}]},{"@type":"BreadcrumbList","@id":"https:\/\/ofelizpainel.com\/fr\/telechargements\/autres\/#breadcrumb","itemListElement":[{"@type":"ListItem","position":1,"name":"In\u00edcio","item":"https:\/\/ofelizpainel.com\/fr\/"},{"@type":"ListItem","position":2,"name":"Telechargements","item":"https:\/\/ofelizpainel.com\/fr\/telechargements\/"},{"@type":"ListItem","position":3,"name":"Autres"}]},{"@type":"WebSite","@id":"https:\/\/ofelizpainel.com\/#website","url":"https:\/\/ofelizpainel.com\/","name":"O FELIZ Painel","description":"Sistemas de Painel Isolante para Arquitetura, Constru\u00e7\u00e3o e C\u00e2maras de Frio","potentialAction":[{"@type":"SearchAction","target":{"@type":"EntryPoint","urlTemplate":"https:\/\/ofelizpainel.com\/?s={search_term_string}"},"query-input":"required name=search_term_string"}],"inLanguage":"fr-FR"}]}},"_links":{"self":[{"href":"https:\/\/ofelizpainel.com\/fr\/wp-json\/wp\/v2\/pages\/5034"}],"collection":[{"href":"https:\/\/ofelizpainel.com\/fr\/wp-json\/wp\/v2\/pages"}],"about":[{"href":"https:\/\/ofelizpainel.com\/fr\/wp-json\/wp\/v2\/types\/page"}],"author":[{"embeddable":true,"href":"https:\/\/ofelizpainel.com\/fr\/wp-json\/wp\/v2\/users\/3"}],"replies":[{"embeddable":true,"href":"https:\/\/ofelizpainel.com\/fr\/wp-json\/wp\/v2\/comments?post=5034"}],"version-history":[{"count":29,"href":"https:\/\/ofelizpainel.com\/fr\/wp-json\/wp\/v2\/pages\/5034\/revisions"}],"predecessor-version":[{"id":7994,"href":"https:\/\/ofelizpainel.com\/fr\/wp-json\/wp\/v2\/pages\/5034\/revisions\/7994"}],"up":[{"embeddable":true,"href":"https:\/\/ofelizpainel.com\/fr\/wp-json\/wp\/v2\/pages\/1403"}],"wp:attachment":[{"href":"https:\/\/ofelizpainel.com\/fr\/wp-json\/wp\/v2\/media?parent=5034"}],"curies":[{"name":"wp","href":"https:\/\/api.w.org\/{rel}","templated":true}]}}