{"id":1421,"date":"2017-04-07T10:10:17","date_gmt":"2017-04-07T10:10:17","guid":{"rendered":"http:\/\/ofelizpainel.com\/noticias\/"},"modified":"2025-05-05T08:46:24","modified_gmt":"2025-05-05T08:46:24","slug":"actualites","status":"publish","type":"page","link":"https:\/\/ofelizpainel.com\/fr\/actualites\/","title":{"rendered":"Actualit\u00e9s"},"content":{"rendered":"<div class=\"wpb-content-wrapper\"><p>[vc_row][vc_column]\n        <div>\n            \n                <div class=\"nk-pagination nk-pagination-nobg nk-pagination-center nk-isotope-filter-active\">\n                    <a href=\"#nk-toggle-filter\"><span class=\"nk-icon-squares\"><\/span><\/a>\n                <\/div>\n                <ul class=\"nk-isotope-filter nk-isotope-filter-active\">\n                    <li class=\"active\" data-filter=\"*\">All<\/li>\n                    <li data-filter=\"salons-fr\" data-term-id=\"1039\">Salons<\/li> \n                <\/ul>\n                        <div class=\"nk-blog-list  nk-isotope nk-isotope-2-cols nk-blog-isotope nk-isotope-gap nk-infinite-scroll-container \">                     <div id=\"post-4592\" class=\"nk-isotope-item post-4592 post type-post status-publish format-standard has-post-thumbnail hentry category-salons-fr\" data-filter=\"salons-fr\">\n                        <div class=\"nk-blog-post\">\n                                                                                                <div class=\"nk-post-thumb\">\n                                        <a href=\"https:\/\/ofelizpainel.com\/fr\/feliz-batimat-2019\/\">\n                                            <img decoding=\"async\" src=\"https:\/\/ofelizpainel.com\/wp-content\/uploads\/2019\/10\/Batimat-2019.jpg\" alt=\"O FELIZ \u00e0 BATIMAT 2019\" class=\"nk-img-stretch\">\n                                        <\/a>\n                                                                                    <div class=\"nk-post-category\">\n                                                <a href=\"https:\/\/ofelizpainel.com\/fr\/category\/salons-fr\/\">Salons<\/a>\n                                            <\/div>\n                                                                            <\/div>\n                                \n                                <h2 class=\"nk-post-title h4\"><a href=\"https:\/\/ofelizpainel.com\/fr\/feliz-batimat-2019\/\" rel=\"bookmark\">O FELIZ \u00e0 BATIMAT 2019<\/a><\/h2>\n                                <div class=\"nk-post-date\">\n                                    octobre 29, 2019                                 <\/div>\n\n                                <div class=\"nk-post-text\">\n                                    BATIMAT, l\u2019une des plus grandes et meilleures foires de construction du monde, est sur le point d\u2019ouvrir ses portes. L\u2019\u00e9dition 2019 se r\u00e9alise du\u00a04 au 8 Novembre, dans l\u2019habituel Parc des Expositions \u201cParis Nord Villepinte\u201d \u00e0 Paris, France. O FELIZ\u00a0sera pr\u00e9sent comme exposant pour la 3eme \u00e9dition cons\u00e9cutive e sera localis\u00e9 dans le\u00a0Pavillon 6, Couloir K, Stand 139. Nous renforcerons la divulgation des secteurs de la Construction M\u00e9tallique, Rev\u00eatements, Acier Inoxydable, Aluminium et Panneau Sandwich. Nous aurons une attention particuli\u00e8re pour le\u00a0Superomega\u00a0et le\u00a0Product Lab. En attendant votre visite!                                <\/div>\n                                                    <\/div>\n                    <\/div>\n                                <\/div>\n\n                            <div class=\"nk-gap-4\"><\/div>\n                    <\/div>\n\n                    <div style=\"position: absolute; margin-top: -200px;\"\n                data-nk-infinite-scroll=\"true\"\n                data-id=\"1\"\n                data-next-page-url=\"\">\n            <\/div>\n        \n        [\/vc_column][\/vc_row]<\/p>\n<\/div>","protected":false},"excerpt":{"rendered":"<p>[vc_row][vc_column][\/vc_column][\/vc_row]<\/p>\n","protected":false},"author":1,"featured_media":0,"parent":0,"menu_order":0,"comment_status":"closed","ping_status":"closed","template":"","meta":{"footnotes":""},"class_list":["post-1421","page","type-page","status-publish","hentry"],"acf":[],"yoast_head":"<!-- This site is optimized with the Yoast SEO plugin v23.1 - https:\/\/yoast.com\/wordpress\/plugins\/seo\/ -->\n<title>Actualit\u00e9s &#8212; O FELIZ Painel<\/title>\n<meta name=\"robots\" content=\"index, follow, max-snippet:-1, max-image-preview:large, max-video-preview:-1\" \/>\n<link rel=\"canonical\" href=\"https:\/\/ofelizpainel.com\/fr\/actualites\/\" \/>\n<meta property=\"og:locale\" content=\"fr_FR\" \/>\n<meta property=\"og:type\" content=\"article\" \/>\n<meta property=\"og:title\" content=\"Actualit\u00e9s &#8212; O FELIZ Painel\" \/>\n<meta property=\"og:description\" content=\"[vc_row][vc_column][\/vc_column][\/vc_row]\" \/>\n<meta property=\"og:url\" content=\"https:\/\/ofelizpainel.com\/fr\/actualites\/\" \/>\n<meta property=\"og:site_name\" content=\"O FELIZ Painel\" \/>\n<meta property=\"article:publisher\" content=\"https:\/\/www.facebook.com\/grupo.ofeliz\" \/>\n<meta property=\"article:modified_time\" content=\"2025-05-05T08:46:24+00:00\" \/>\n<meta name=\"twitter:card\" content=\"summary_large_image\" \/>\n<meta name=\"twitter:label1\" content=\"Dur\u00e9e de lecture estim\u00e9e\" \/>\n\t<meta name=\"twitter:data1\" content=\"1 minute\" \/>\n<script type=\"application\/ld+json\" class=\"yoast-schema-graph\">{\"@context\":\"https:\/\/schema.org\",\"@graph\":[{\"@type\":\"WebPage\",\"@id\":\"https:\/\/ofelizpainel.com\/fr\/actualites\/\",\"url\":\"https:\/\/ofelizpainel.com\/fr\/actualites\/\",\"name\":\"Actualit\u00e9s &#8212; O FELIZ Painel\",\"isPartOf\":{\"@id\":\"https:\/\/ofelizpainel.com\/#website\"},\"datePublished\":\"2017-04-07T10:10:17+00:00\",\"dateModified\":\"2025-05-05T08:46:24+00:00\",\"breadcrumb\":{\"@id\":\"https:\/\/ofelizpainel.com\/fr\/actualites\/#breadcrumb\"},\"inLanguage\":\"fr-FR\",\"potentialAction\":[{\"@type\":\"ReadAction\",\"target\":[\"https:\/\/ofelizpainel.com\/fr\/actualites\/\"]}]},{\"@type\":\"BreadcrumbList\",\"@id\":\"https:\/\/ofelizpainel.com\/fr\/actualites\/#breadcrumb\",\"itemListElement\":[{\"@type\":\"ListItem\",\"position\":1,\"name\":\"In\u00edcio\",\"item\":\"https:\/\/ofelizpainel.com\/fr\/\"},{\"@type\":\"ListItem\",\"position\":2,\"name\":\"Actualit\u00e9s\"}]},{\"@type\":\"WebSite\",\"@id\":\"https:\/\/ofelizpainel.com\/#website\",\"url\":\"https:\/\/ofelizpainel.com\/\",\"name\":\"O FELIZ Painel\",\"description\":\"Sistemas de Painel Isolante para Arquitetura, Constru\u00e7\u00e3o e C\u00e2maras de Frio\",\"potentialAction\":[{\"@type\":\"SearchAction\",\"target\":{\"@type\":\"EntryPoint\",\"urlTemplate\":\"https:\/\/ofelizpainel.com\/?s={search_term_string}\"},\"query-input\":\"required name=search_term_string\"}],\"inLanguage\":\"fr-FR\"}]}<\/script>\n<!-- \/ Yoast SEO plugin. -->","yoast_head_json":{"title":"Actualit\u00e9s &#8212; O FELIZ Painel","robots":{"index":"index","follow":"follow","max-snippet":"max-snippet:-1","max-image-preview":"max-image-preview:large","max-video-preview":"max-video-preview:-1"},"canonical":"https:\/\/ofelizpainel.com\/fr\/actualites\/","og_locale":"fr_FR","og_type":"article","og_title":"Actualit\u00e9s &#8212; O FELIZ Painel","og_description":"[vc_row][vc_column][\/vc_column][\/vc_row]","og_url":"https:\/\/ofelizpainel.com\/fr\/actualites\/","og_site_name":"O FELIZ Painel","article_publisher":"https:\/\/www.facebook.com\/grupo.ofeliz","article_modified_time":"2025-05-05T08:46:24+00:00","twitter_card":"summary_large_image","twitter_misc":{"Dur\u00e9e de lecture estim\u00e9e":"1 minute"},"schema":{"@context":"https:\/\/schema.org","@graph":[{"@type":"WebPage","@id":"https:\/\/ofelizpainel.com\/fr\/actualites\/","url":"https:\/\/ofelizpainel.com\/fr\/actualites\/","name":"Actualit\u00e9s &#8212; O FELIZ Painel","isPartOf":{"@id":"https:\/\/ofelizpainel.com\/#website"},"datePublished":"2017-04-07T10:10:17+00:00","dateModified":"2025-05-05T08:46:24+00:00","breadcrumb":{"@id":"https:\/\/ofelizpainel.com\/fr\/actualites\/#breadcrumb"},"inLanguage":"fr-FR","potentialAction":[{"@type":"ReadAction","target":["https:\/\/ofelizpainel.com\/fr\/actualites\/"]}]},{"@type":"BreadcrumbList","@id":"https:\/\/ofelizpainel.com\/fr\/actualites\/#breadcrumb","itemListElement":[{"@type":"ListItem","position":1,"name":"In\u00edcio","item":"https:\/\/ofelizpainel.com\/fr\/"},{"@type":"ListItem","position":2,"name":"Actualit\u00e9s"}]},{"@type":"WebSite","@id":"https:\/\/ofelizpainel.com\/#website","url":"https:\/\/ofelizpainel.com\/","name":"O FELIZ Painel","description":"Sistemas de Painel Isolante para Arquitetura, Constru\u00e7\u00e3o e C\u00e2maras de Frio","potentialAction":[{"@type":"SearchAction","target":{"@type":"EntryPoint","urlTemplate":"https:\/\/ofelizpainel.com\/?s={search_term_string}"},"query-input":"required name=search_term_string"}],"inLanguage":"fr-FR"}]}},"_links":{"self":[{"href":"https:\/\/ofelizpainel.com\/fr\/wp-json\/wp\/v2\/pages\/1421"}],"collection":[{"href":"https:\/\/ofelizpainel.com\/fr\/wp-json\/wp\/v2\/pages"}],"about":[{"href":"https:\/\/ofelizpainel.com\/fr\/wp-json\/wp\/v2\/types\/page"}],"author":[{"embeddable":true,"href":"https:\/\/ofelizpainel.com\/fr\/wp-json\/wp\/v2\/users\/1"}],"replies":[{"embeddable":true,"href":"https:\/\/ofelizpainel.com\/fr\/wp-json\/wp\/v2\/comments?post=1421"}],"version-history":[{"count":3,"href":"https:\/\/ofelizpainel.com\/fr\/wp-json\/wp\/v2\/pages\/1421\/revisions"}],"predecessor-version":[{"id":6966,"href":"https:\/\/ofelizpainel.com\/fr\/wp-json\/wp\/v2\/pages\/1421\/revisions\/6966"}],"wp:attachment":[{"href":"https:\/\/ofelizpainel.com\/fr\/wp-json\/wp\/v2\/media?parent=1421"}],"curies":[{"name":"wp","href":"https:\/\/api.w.org\/{rel}","templated":true}]}}