{"id":1403,"date":"2017-04-07T10:07:55","date_gmt":"2017-04-07T10:07:55","guid":{"rendered":"http:\/\/ofelizpainel.com\/downloads\/"},"modified":"2026-03-06T15:33:50","modified_gmt":"2026-03-06T15:33:50","slug":"telechargements","status":"publish","type":"page","link":"https:\/\/ofelizpainel.com\/fr\/telechargements\/","title":{"rendered":"Telechargements"},"content":{"rendered":"<div class=\"wpb-content-wrapper\"><p>[vc_row full_height=&nbsp;&raquo;yes&nbsp;&raquo; equal_height=&nbsp;&raquo;yes&nbsp;&raquo; el_class=&nbsp;&raquo;oitentaheight&nbsp;&raquo;][vc_column width=&nbsp;&raquo;1\/4&Prime;][vc_empty_space height=&nbsp;&raquo;25px&nbsp;&raquo;][vc_single_image image=&nbsp;&raquo;5764&Prime; img_size=&nbsp;&raquo;medium&nbsp;&raquo; alignment=&nbsp;&raquo;center&nbsp;&raquo; onclick=&nbsp;&raquo;custom_link&nbsp;&raquo; css_animation=&nbsp;&raquo;none&nbsp;&raquo; css=&nbsp;&raquo;.vc_custom_1772810979172{margin-bottom: 25px !important;}&nbsp;&raquo; link=&nbsp;&raquo;https:\/\/ofelizpainel.com\/fr\/telechargements\/catalogues&nbsp;&raquo;][vc_empty_space height=&nbsp;&raquo;25px&nbsp;&raquo;][vc_column_text css=&nbsp;&raquo;&nbsp;&raquo;]<\/p>\n<h3 style=\"text-align: center; color: #171717; font-size: 22px;\">Catalogues<\/h3>\n<p>[\/vc_column_text][vc_row_inner][vc_column_inner][\/vc_column_inner][\/vc_row_inner][vc_empty_space height=&nbsp;&raquo;50px&nbsp;&raquo;][vc_single_image image=&nbsp;&raquo;7771&Prime; img_size=&nbsp;&raquo;medium&nbsp;&raquo; alignment=&nbsp;&raquo;center&nbsp;&raquo; onclick=&nbsp;&raquo;custom_link&nbsp;&raquo; css_animation=&nbsp;&raquo;none&nbsp;&raquo; css=&nbsp;&raquo;.vc_custom_1772811013344{margin-bottom: 25px !important;}&nbsp;&raquo; link=&nbsp;&raquo;https:\/\/ofelizpainel.com\/fr\/telechargements\/certifications&nbsp;&raquo;][vc_empty_space height=&nbsp;&raquo;25px&nbsp;&raquo;][vc_column_text css=&nbsp;&raquo;&nbsp;&raquo;]<\/p>\n<h3 style=\"text-align: center; color: #171717; font-size: 22px;\">Certifications<\/h3>\n<p>[\/vc_column_text][vc_row_inner][vc_column_inner][\/vc_column_inner][\/vc_row_inner][vc_empty_space height=&nbsp;&raquo;50px&nbsp;&raquo;][\/vc_column][vc_column css_animation=&nbsp;&raquo;fadeIn&nbsp;&raquo; width=&nbsp;&raquo;1\/4&Prime;][vc_empty_space height=&nbsp;&raquo;25px&nbsp;&raquo;][vc_single_image image=&nbsp;&raquo;7741&Prime; img_size=&nbsp;&raquo;medium&nbsp;&raquo; alignment=&nbsp;&raquo;center&nbsp;&raquo; onclick=&nbsp;&raquo;custom_link&nbsp;&raquo; css_animation=&nbsp;&raquo;none&nbsp;&raquo; css=&nbsp;&raquo;.vc_custom_1772810987044{margin-bottom: 25px !important;}&nbsp;&raquo; link=&nbsp;&raquo;https:\/\/ofelizpainel.com\/fr\/telechargements\/notesinformatives&nbsp;&raquo;][vc_empty_space height=&nbsp;&raquo;25px&nbsp;&raquo;][vc_column_text css=&nbsp;&raquo;&nbsp;&raquo;]<\/p>\n<h3 style=\"text-align: center; color: #171717; font-size: 22px;\">Notes Informatives<\/h3>\n<p>[\/vc_column_text][vc_row_inner][vc_column_inner][\/vc_column_inner][\/vc_row_inner][vc_empty_space height=&nbsp;&raquo;50px&nbsp;&raquo;][vc_single_image image=&nbsp;&raquo;7767&Prime; img_size=&nbsp;&raquo;medium&nbsp;&raquo; alignment=&nbsp;&raquo;center&nbsp;&raquo; onclick=&nbsp;&raquo;custom_link&nbsp;&raquo; css_animation=&nbsp;&raquo;none&nbsp;&raquo; css=&nbsp;&raquo;.vc_custom_1772811023568{margin-bottom: 25px !important;}&nbsp;&raquo; link=&nbsp;&raquo;https:\/\/ofelizpainel.com\/fr\/telechargements\/autres&nbsp;&raquo;][vc_empty_space height=&nbsp;&raquo;25px&nbsp;&raquo;][vc_column_text css=&nbsp;&raquo;&nbsp;&raquo;]<\/p>\n<h3 style=\"text-align: center; color: #171717; font-size: 22px;\">Autres<\/h3>\n<p>[\/vc_column_text][vc_row_inner][vc_column_inner][\/vc_column_inner][\/vc_row_inner][vc_empty_space height=&nbsp;&raquo;50px&nbsp;&raquo;][\/vc_column][vc_column width=&nbsp;&raquo;1\/4&Prime;][vc_empty_space height=&nbsp;&raquo;25px&nbsp;&raquo;][vc_single_image image=&nbsp;&raquo;7759&Prime; img_size=&nbsp;&raquo;medium&nbsp;&raquo; alignment=&nbsp;&raquo;center&nbsp;&raquo; onclick=&nbsp;&raquo;custom_link&nbsp;&raquo; css_animation=&nbsp;&raquo;none&nbsp;&raquo; css=&nbsp;&raquo;.vc_custom_1772810993963{margin-bottom: 25px !important;}&nbsp;&raquo; link=&nbsp;&raquo;https:\/\/ofelizpainel.com\/fr\/telechargements\/procedures&nbsp;&raquo;][vc_empty_space height=&nbsp;&raquo;25px&nbsp;&raquo;][vc_column_text css=&nbsp;&raquo;&nbsp;&raquo;]<\/p>\n<h3 style=\"text-align: center; color: #171717; font-size: 22px;\">Proc\u00e9dures<\/h3>\n<p>[\/vc_column_text][vc_row_inner][vc_column_inner][\/vc_column_inner][\/vc_row_inner][vc_empty_space height=&nbsp;&raquo;50px&nbsp;&raquo;][\/vc_column][vc_column width=&nbsp;&raquo;1\/4&Prime;][vc_empty_space height=&nbsp;&raquo;25px&nbsp;&raquo;][vc_single_image image=&nbsp;&raquo;7763&Prime; img_size=&nbsp;&raquo;medium&nbsp;&raquo; alignment=&nbsp;&raquo;center&nbsp;&raquo; onclick=&nbsp;&raquo;custom_link&nbsp;&raquo; css_animation=&nbsp;&raquo;none&nbsp;&raquo; css=&nbsp;&raquo;.vc_custom_1772811000713{margin-bottom: 25px !important;}&nbsp;&raquo; link=&nbsp;&raquo;https:\/\/ofelizpainel.com\/fr\/telechargements\/conditionsgenerales&nbsp;&raquo;][vc_empty_space height=&nbsp;&raquo;25px&nbsp;&raquo;][vc_column_text css=&nbsp;&raquo;&nbsp;&raquo;]<\/p>\n<h3 style=\"text-align: center; color: #171717; font-size: 22px;\">Conditions G\u00e9n\u00e9rales<\/h3>\n<p>[\/vc_column_text][vc_row_inner][vc_column_inner][\/vc_column_inner][\/vc_row_inner][vc_empty_space height=&nbsp;&raquo;50px&nbsp;&raquo;][\/vc_column][\/vc_row]<\/p>\n<\/div>","protected":false},"excerpt":{"rendered":"<p>[vc_row full_height=&nbsp;&raquo;yes&nbsp;&raquo; equal_height=&nbsp;&raquo;yes&nbsp;&raquo; el_class=&nbsp;&raquo;oitentaheight&nbsp;&raquo;][vc_column width=&nbsp;&raquo;1\/4&Prime;][vc_empty_space height=&nbsp;&raquo;25px&nbsp;&raquo;][vc_single_image image=&nbsp;&raquo;5764&Prime; img_size=&nbsp;&raquo;medium&nbsp;&raquo; alignment=&nbsp;&raquo;center&nbsp;&raquo; onclick=&nbsp;&raquo;custom_link&nbsp;&raquo; css_animation=&nbsp;&raquo;none&nbsp;&raquo; css=&nbsp;&raquo;.vc_custom_1772810979172{margin-bottom: 25px !important;}&nbsp;&raquo; link=&nbsp;&raquo;https:\/\/ofelizpainel.com\/fr\/telechargements\/catalogues&nbsp;&raquo;][vc_empty_space height=&nbsp;&raquo;25px&nbsp;&raquo;][vc_column_text css=&nbsp;&raquo;&nbsp;&raquo;] Catalogues [\/vc_column_text][vc_row_inner][vc_column_inner][\/vc_column_inner][\/vc_row_inner][vc_empty_space height=&nbsp;&raquo;50px&nbsp;&raquo;][vc_single_image image=&nbsp;&raquo;7771&Prime; img_size=&nbsp;&raquo;medium&nbsp;&raquo; alignment=&nbsp;&raquo;center&nbsp;&raquo; onclick=&nbsp;&raquo;custom_link&nbsp;&raquo; css_animation=&nbsp;&raquo;none&nbsp;&raquo; css=&nbsp;&raquo;.vc_custom_1772811013344{margin-bottom: 25px !important;}&nbsp;&raquo; link=&nbsp;&raquo;https:\/\/ofelizpainel.com\/fr\/telechargements\/certifications&nbsp;&raquo;][vc_empty_space height=&nbsp;&raquo;25px&nbsp;&raquo;][vc_column_text css=&nbsp;&raquo;&nbsp;&raquo;] Certifications [\/vc_column_text][vc_row_inner][vc_column_inner][\/vc_column_inner][\/vc_row_inner][vc_empty_space height=&nbsp;&raquo;50px&nbsp;&raquo;][\/vc_column][vc_column css_animation=&nbsp;&raquo;fadeIn&nbsp;&raquo; width=&nbsp;&raquo;1\/4&Prime;][vc_empty_space height=&nbsp;&raquo;25px&nbsp;&raquo;][vc_single_image image=&nbsp;&raquo;7741&Prime; img_size=&nbsp;&raquo;medium&nbsp;&raquo; alignment=&nbsp;&raquo;center&nbsp;&raquo; onclick=&nbsp;&raquo;custom_link&nbsp;&raquo; css_animation=&nbsp;&raquo;none&nbsp;&raquo; css=&nbsp;&raquo;.vc_custom_1772810987044{margin-bottom: 25px !important;}&nbsp;&raquo; link=&nbsp;&raquo;https:\/\/ofelizpainel.com\/fr\/telechargements\/notesinformatives&nbsp;&raquo;][vc_empty_space height=&nbsp;&raquo;25px&nbsp;&raquo;][vc_column_text css=&nbsp;&raquo;&nbsp;&raquo;] Notes Informatives [\/vc_column_text][vc_row_inner][vc_column_inner][\/vc_column_inner][\/vc_row_inner][vc_empty_space height=&nbsp;&raquo;50px&nbsp;&raquo;][vc_single_image image=&nbsp;&raquo;7767&Prime; img_size=&nbsp;&raquo;medium&nbsp;&raquo; alignment=&nbsp;&raquo;center&nbsp;&raquo; [&hellip;]<\/p>\n","protected":false},"author":1,"featured_media":0,"parent":0,"menu_order":0,"comment_status":"closed","ping_status":"closed","template":"","meta":{"footnotes":""},"class_list":["post-1403","page","type-page","status-publish","hentry"],"acf":[],"yoast_head":"<!-- This site is optimized with the Yoast SEO plugin v23.1 - https:\/\/yoast.com\/wordpress\/plugins\/seo\/ -->\n<title>Telechargements &#8212; O FELIZ Painel<\/title>\n<meta name=\"robots\" content=\"index, follow, max-snippet:-1, max-image-preview:large, max-video-preview:-1\" \/>\n<link rel=\"canonical\" href=\"https:\/\/ofelizpainel.com\/fr\/telechargements\/\" \/>\n<meta property=\"og:locale\" content=\"fr_FR\" \/>\n<meta property=\"og:type\" content=\"article\" \/>\n<meta property=\"og:title\" content=\"Telechargements &#8212; O FELIZ Painel\" \/>\n<meta property=\"og:description\" content=\"[vc_row full_height=&nbsp;&raquo;yes&nbsp;&raquo; equal_height=&nbsp;&raquo;yes&nbsp;&raquo; el_class=&nbsp;&raquo;oitentaheight&nbsp;&raquo;][vc_column width=&nbsp;&raquo;1\/4&Prime;][vc_empty_space height=&nbsp;&raquo;25px&nbsp;&raquo;][vc_single_image image=&nbsp;&raquo;5764&Prime; img_size=&nbsp;&raquo;medium&nbsp;&raquo; alignment=&nbsp;&raquo;center&nbsp;&raquo; onclick=&nbsp;&raquo;custom_link&nbsp;&raquo; css_animation=&nbsp;&raquo;none&nbsp;&raquo; css=&nbsp;&raquo;.vc_custom_1772810979172{margin-bottom: 25px !important;}&nbsp;&raquo; link=&nbsp;&raquo;https:\/\/ofelizpainel.com\/fr\/telechargements\/catalogues&nbsp;&raquo;][vc_empty_space height=&nbsp;&raquo;25px&nbsp;&raquo;][vc_column_text css=&nbsp;&raquo;&nbsp;&raquo;] Catalogues [\/vc_column_text][vc_row_inner][vc_column_inner][\/vc_column_inner][\/vc_row_inner][vc_empty_space height=&nbsp;&raquo;50px&nbsp;&raquo;][vc_single_image image=&nbsp;&raquo;7771&Prime; img_size=&nbsp;&raquo;medium&nbsp;&raquo; alignment=&nbsp;&raquo;center&nbsp;&raquo; onclick=&nbsp;&raquo;custom_link&nbsp;&raquo; css_animation=&nbsp;&raquo;none&nbsp;&raquo; css=&nbsp;&raquo;.vc_custom_1772811013344{margin-bottom: 25px !important;}&nbsp;&raquo; link=&nbsp;&raquo;https:\/\/ofelizpainel.com\/fr\/telechargements\/certifications&nbsp;&raquo;][vc_empty_space height=&nbsp;&raquo;25px&nbsp;&raquo;][vc_column_text css=&nbsp;&raquo;&nbsp;&raquo;] Certifications [\/vc_column_text][vc_row_inner][vc_column_inner][\/vc_column_inner][\/vc_row_inner][vc_empty_space height=&nbsp;&raquo;50px&nbsp;&raquo;][\/vc_column][vc_column css_animation=&nbsp;&raquo;fadeIn&nbsp;&raquo; width=&nbsp;&raquo;1\/4&Prime;][vc_empty_space height=&nbsp;&raquo;25px&nbsp;&raquo;][vc_single_image image=&nbsp;&raquo;7741&Prime; img_size=&nbsp;&raquo;medium&nbsp;&raquo; alignment=&nbsp;&raquo;center&nbsp;&raquo; onclick=&nbsp;&raquo;custom_link&nbsp;&raquo; css_animation=&nbsp;&raquo;none&nbsp;&raquo; css=&nbsp;&raquo;.vc_custom_1772810987044{margin-bottom: 25px !important;}&nbsp;&raquo; link=&nbsp;&raquo;https:\/\/ofelizpainel.com\/fr\/telechargements\/notesinformatives&nbsp;&raquo;][vc_empty_space height=&nbsp;&raquo;25px&nbsp;&raquo;][vc_column_text css=&nbsp;&raquo;&nbsp;&raquo;] Notes Informatives [\/vc_column_text][vc_row_inner][vc_column_inner][\/vc_column_inner][\/vc_row_inner][vc_empty_space height=&nbsp;&raquo;50px&nbsp;&raquo;][vc_single_image image=&nbsp;&raquo;7767&Prime; img_size=&nbsp;&raquo;medium&nbsp;&raquo; alignment=&nbsp;&raquo;center&nbsp;&raquo; [&hellip;]\" \/>\n<meta property=\"og:url\" content=\"https:\/\/ofelizpainel.com\/fr\/telechargements\/\" \/>\n<meta property=\"og:site_name\" content=\"O FELIZ Painel\" \/>\n<meta property=\"article:publisher\" content=\"https:\/\/www.facebook.com\/grupo.ofeliz\" \/>\n<meta property=\"article:modified_time\" content=\"2026-03-06T15:33:50+00:00\" \/>\n<meta name=\"twitter:card\" content=\"summary_large_image\" \/>\n<meta name=\"twitter:label1\" content=\"Dur\u00e9e de lecture estim\u00e9e\" \/>\n\t<meta name=\"twitter:data1\" content=\"2 minutes\" \/>\n<script type=\"application\/ld+json\" class=\"yoast-schema-graph\">{\"@context\":\"https:\/\/schema.org\",\"@graph\":[{\"@type\":\"WebPage\",\"@id\":\"https:\/\/ofelizpainel.com\/fr\/telechargements\/\",\"url\":\"https:\/\/ofelizpainel.com\/fr\/telechargements\/\",\"name\":\"Telechargements &#8212; O FELIZ Painel\",\"isPartOf\":{\"@id\":\"https:\/\/ofelizpainel.com\/#website\"},\"datePublished\":\"2017-04-07T10:07:55+00:00\",\"dateModified\":\"2026-03-06T15:33:50+00:00\",\"breadcrumb\":{\"@id\":\"https:\/\/ofelizpainel.com\/fr\/telechargements\/#breadcrumb\"},\"inLanguage\":\"fr-FR\",\"potentialAction\":[{\"@type\":\"ReadAction\",\"target\":[\"https:\/\/ofelizpainel.com\/fr\/telechargements\/\"]}]},{\"@type\":\"BreadcrumbList\",\"@id\":\"https:\/\/ofelizpainel.com\/fr\/telechargements\/#breadcrumb\",\"itemListElement\":[{\"@type\":\"ListItem\",\"position\":1,\"name\":\"In\u00edcio\",\"item\":\"https:\/\/ofelizpainel.com\/fr\/\"},{\"@type\":\"ListItem\",\"position\":2,\"name\":\"Telechargements\"}]},{\"@type\":\"WebSite\",\"@id\":\"https:\/\/ofelizpainel.com\/#website\",\"url\":\"https:\/\/ofelizpainel.com\/\",\"name\":\"O FELIZ Painel\",\"description\":\"Sistemas de Painel Isolante para Arquitetura, Constru\u00e7\u00e3o e C\u00e2maras de Frio\",\"potentialAction\":[{\"@type\":\"SearchAction\",\"target\":{\"@type\":\"EntryPoint\",\"urlTemplate\":\"https:\/\/ofelizpainel.com\/?s={search_term_string}\"},\"query-input\":\"required name=search_term_string\"}],\"inLanguage\":\"fr-FR\"}]}<\/script>\n<!-- \/ Yoast SEO plugin. -->","yoast_head_json":{"title":"Telechargements &#8212; O FELIZ Painel","robots":{"index":"index","follow":"follow","max-snippet":"max-snippet:-1","max-image-preview":"max-image-preview:large","max-video-preview":"max-video-preview:-1"},"canonical":"https:\/\/ofelizpainel.com\/fr\/telechargements\/","og_locale":"fr_FR","og_type":"article","og_title":"Telechargements &#8212; O FELIZ Painel","og_description":"[vc_row full_height=&nbsp;&raquo;yes&nbsp;&raquo; equal_height=&nbsp;&raquo;yes&nbsp;&raquo; el_class=&nbsp;&raquo;oitentaheight&nbsp;&raquo;][vc_column width=&nbsp;&raquo;1\/4&Prime;][vc_empty_space height=&nbsp;&raquo;25px&nbsp;&raquo;][vc_single_image image=&nbsp;&raquo;5764&Prime; img_size=&nbsp;&raquo;medium&nbsp;&raquo; alignment=&nbsp;&raquo;center&nbsp;&raquo; onclick=&nbsp;&raquo;custom_link&nbsp;&raquo; css_animation=&nbsp;&raquo;none&nbsp;&raquo; css=&nbsp;&raquo;.vc_custom_1772810979172{margin-bottom: 25px !important;}&nbsp;&raquo; link=&nbsp;&raquo;https:\/\/ofelizpainel.com\/fr\/telechargements\/catalogues&nbsp;&raquo;][vc_empty_space height=&nbsp;&raquo;25px&nbsp;&raquo;][vc_column_text css=&nbsp;&raquo;&nbsp;&raquo;] Catalogues [\/vc_column_text][vc_row_inner][vc_column_inner][\/vc_column_inner][\/vc_row_inner][vc_empty_space height=&nbsp;&raquo;50px&nbsp;&raquo;][vc_single_image image=&nbsp;&raquo;7771&Prime; img_size=&nbsp;&raquo;medium&nbsp;&raquo; alignment=&nbsp;&raquo;center&nbsp;&raquo; onclick=&nbsp;&raquo;custom_link&nbsp;&raquo; css_animation=&nbsp;&raquo;none&nbsp;&raquo; css=&nbsp;&raquo;.vc_custom_1772811013344{margin-bottom: 25px !important;}&nbsp;&raquo; link=&nbsp;&raquo;https:\/\/ofelizpainel.com\/fr\/telechargements\/certifications&nbsp;&raquo;][vc_empty_space height=&nbsp;&raquo;25px&nbsp;&raquo;][vc_column_text css=&nbsp;&raquo;&nbsp;&raquo;] Certifications [\/vc_column_text][vc_row_inner][vc_column_inner][\/vc_column_inner][\/vc_row_inner][vc_empty_space height=&nbsp;&raquo;50px&nbsp;&raquo;][\/vc_column][vc_column css_animation=&nbsp;&raquo;fadeIn&nbsp;&raquo; width=&nbsp;&raquo;1\/4&Prime;][vc_empty_space height=&nbsp;&raquo;25px&nbsp;&raquo;][vc_single_image image=&nbsp;&raquo;7741&Prime; img_size=&nbsp;&raquo;medium&nbsp;&raquo; alignment=&nbsp;&raquo;center&nbsp;&raquo; onclick=&nbsp;&raquo;custom_link&nbsp;&raquo; css_animation=&nbsp;&raquo;none&nbsp;&raquo; css=&nbsp;&raquo;.vc_custom_1772810987044{margin-bottom: 25px !important;}&nbsp;&raquo; link=&nbsp;&raquo;https:\/\/ofelizpainel.com\/fr\/telechargements\/notesinformatives&nbsp;&raquo;][vc_empty_space height=&nbsp;&raquo;25px&nbsp;&raquo;][vc_column_text css=&nbsp;&raquo;&nbsp;&raquo;] Notes Informatives [\/vc_column_text][vc_row_inner][vc_column_inner][\/vc_column_inner][\/vc_row_inner][vc_empty_space height=&nbsp;&raquo;50px&nbsp;&raquo;][vc_single_image image=&nbsp;&raquo;7767&Prime; img_size=&nbsp;&raquo;medium&nbsp;&raquo; alignment=&nbsp;&raquo;center&nbsp;&raquo; [&hellip;]","og_url":"https:\/\/ofelizpainel.com\/fr\/telechargements\/","og_site_name":"O FELIZ Painel","article_publisher":"https:\/\/www.facebook.com\/grupo.ofeliz","article_modified_time":"2026-03-06T15:33:50+00:00","twitter_card":"summary_large_image","twitter_misc":{"Dur\u00e9e de lecture estim\u00e9e":"2 minutes"},"schema":{"@context":"https:\/\/schema.org","@graph":[{"@type":"WebPage","@id":"https:\/\/ofelizpainel.com\/fr\/telechargements\/","url":"https:\/\/ofelizpainel.com\/fr\/telechargements\/","name":"Telechargements &#8212; O FELIZ Painel","isPartOf":{"@id":"https:\/\/ofelizpainel.com\/#website"},"datePublished":"2017-04-07T10:07:55+00:00","dateModified":"2026-03-06T15:33:50+00:00","breadcrumb":{"@id":"https:\/\/ofelizpainel.com\/fr\/telechargements\/#breadcrumb"},"inLanguage":"fr-FR","potentialAction":[{"@type":"ReadAction","target":["https:\/\/ofelizpainel.com\/fr\/telechargements\/"]}]},{"@type":"BreadcrumbList","@id":"https:\/\/ofelizpainel.com\/fr\/telechargements\/#breadcrumb","itemListElement":[{"@type":"ListItem","position":1,"name":"In\u00edcio","item":"https:\/\/ofelizpainel.com\/fr\/"},{"@type":"ListItem","position":2,"name":"Telechargements"}]},{"@type":"WebSite","@id":"https:\/\/ofelizpainel.com\/#website","url":"https:\/\/ofelizpainel.com\/","name":"O FELIZ Painel","description":"Sistemas de Painel Isolante para Arquitetura, Constru\u00e7\u00e3o e C\u00e2maras de Frio","potentialAction":[{"@type":"SearchAction","target":{"@type":"EntryPoint","urlTemplate":"https:\/\/ofelizpainel.com\/?s={search_term_string}"},"query-input":"required name=search_term_string"}],"inLanguage":"fr-FR"}]}},"_links":{"self":[{"href":"https:\/\/ofelizpainel.com\/fr\/wp-json\/wp\/v2\/pages\/1403"}],"collection":[{"href":"https:\/\/ofelizpainel.com\/fr\/wp-json\/wp\/v2\/pages"}],"about":[{"href":"https:\/\/ofelizpainel.com\/fr\/wp-json\/wp\/v2\/types\/page"}],"author":[{"embeddable":true,"href":"https:\/\/ofelizpainel.com\/fr\/wp-json\/wp\/v2\/users\/1"}],"replies":[{"embeddable":true,"href":"https:\/\/ofelizpainel.com\/fr\/wp-json\/wp\/v2\/comments?post=1403"}],"version-history":[{"count":32,"href":"https:\/\/ofelizpainel.com\/fr\/wp-json\/wp\/v2\/pages\/1403\/revisions"}],"predecessor-version":[{"id":8017,"href":"https:\/\/ofelizpainel.com\/fr\/wp-json\/wp\/v2\/pages\/1403\/revisions\/8017"}],"wp:attachment":[{"href":"https:\/\/ofelizpainel.com\/fr\/wp-json\/wp\/v2\/media?parent=1403"}],"curies":[{"name":"wp","href":"https:\/\/api.w.org\/{rel}","templated":true}]}}