{"id":7585,"date":"2026-03-03T17:24:22","date_gmt":"2026-03-03T17:24:22","guid":{"rendered":"https:\/\/ofelizpainel.com\/?page_id=7585"},"modified":"2026-03-05T17:28:54","modified_gmt":"2026-03-05T17:28:54","slug":"certificaciones","status":"publish","type":"page","link":"https:\/\/ofelizpainel.com\/es\/downloads\/certificaciones\/","title":{"rendered":"Certificaciones"},"content":{"rendered":"<div class=\"wpb-content-wrapper\"><p>[vc_section 0=&#8221;&#8221; el_class=&#8221;oitentaheight&#8221;][vc_row css=&#8221;.vc_custom_1683214980993{margin-bottom: 40px !important;}&#8221;][vc_column width=&#8221;1\/2&#8243;][vc_row_inner][vc_column_inner width=&#8221;1\/3&#8243;][vc_single_image image=&#8221;7774&#8243; img_size=&#8221;large&#8221; onclick=&#8221;custom_link&#8221; img_link_target=&#8221;_blank&#8221; css=&#8221;&#8221;][\/vc_column_inner][vc_column_inner width=&#8221;2\/3&#8243;][vc_separator color=&#8221;black&#8221; align=&#8221;align_left&#8221;][vc_empty_space height=&#8221;10px&#8221;][vc_column_text 0=&#8221;&#8221; css=&#8221;&#8221;]CERTIF: Certificaci\u00f3n del Sistema de Gesti\u00f3n de Calidad[\/vc_column_text][vc_empty_space height=&#8221;10px&#8221;][vc_btn title=&#8221;SGQ-178\/2022.pdf&#8221; style=&#8221;outline&#8221; shape=&#8221;square&#8221; color=&#8221;black&#8221; size=&#8221;xs&#8221; align=&#8221;left&#8221; i_icon_fontawesome=&#8221;fa fa-file-pdf-o&#8221; add_icon=&#8221;true&#8221; link=&#8221;url:https%3A%2F%2Fofelizpainel.com%2Fwp-content%2Fuploads%2F2022%2F08%2FCertificado_Certif.pdf|title:CERTIF%3A%20Certifica%C3%A7%C3%A3o%20do%20Sistema%20de%20Gest%C3%A3o%20da%20Qualidade|target:%20_blank|&#8221;][vc_empty_space 0=&#8221;&#8221;][vc_column_text css=&#8221;&#8221; el_class=&#8221;vermelho&#8221;]<a style=\"color: rbg(237, 28, 36)!important;\" href=\"http:\/\/ofelizpainel.com\/es\/downloads\/\">&lt; volver<\/a>[\/vc_column_text][\/vc_column_inner][\/vc_row_inner][\/vc_column][vc_column width=&#8221;1\/2&#8243;][\/vc_column][\/vc_row][\/vc_section][vc_row css=&#8221;.vc_custom_1684314733605{margin-bottom: 100px !important;}&#8221;][vc_column width=&#8221;1\/2&#8243;][vc_raw_html]JTNDc3R5bGUlM0UlMjNtZW51LWl0ZW0tMTQ5JTdCY29sb3IlM0FyZ2IlMjgyMzclMkMyOCUyQzM2JTI5JTIxaW1wb3J0YW50JTNCJTdEJTNDJTJGc3R5bGUlM0U=[\/vc_raw_html][\/vc_column][\/vc_row]<\/p>\n<\/div>","protected":false},"excerpt":{"rendered":"<p>[vc_section 0=&#8221;&#8221; el_class=&#8221;oitentaheight&#8221;][vc_row css=&#8221;.vc_custom_1683214980993{margin-bottom: 40px !important;}&#8221;][vc_column width=&#8221;1\/2&#8243;][vc_row_inner][vc_column_inner width=&#8221;1\/3&#8243;][vc_single_image image=&#8221;7774&#8243; img_size=&#8221;large&#8221; onclick=&#8221;custom_link&#8221; img_link_target=&#8221;_blank&#8221; css=&#8221;&#8221;][\/vc_column_inner][vc_column_inner width=&#8221;2\/3&#8243;][vc_separator color=&#8221;black&#8221; align=&#8221;align_left&#8221;][vc_empty_space height=&#8221;10px&#8221;][vc_column_text 0=&#8221;&#8221; css=&#8221;&#8221;]CERTIF: Certificaci\u00f3n del Sistema de Gesti\u00f3n de Calidad[\/vc_column_text][vc_empty_space height=&#8221;10px&#8221;][vc_btn title=&#8221;SGQ-178\/2022.pdf&#8221; style=&#8221;outline&#8221; shape=&#8221;square&#8221; color=&#8221;black&#8221; size=&#8221;xs&#8221; align=&#8221;left&#8221; i_icon_fontawesome=&#8221;fa fa-file-pdf-o&#8221; add_icon=&#8221;true&#8221; link=&#8221;url:https%3A%2F%2Fofelizpainel.com%2Fwp-content%2Fuploads%2F2022%2F08%2FCertificado_Certif.pdf|title:CERTIF%3A%20Certifica%C3%A7%C3%A3o%20do%20Sistema%20de%20Gest%C3%A3o%20da%20Qualidade|target:%20_blank|&#8221;][vc_empty_space 0=&#8221;&#8221;][vc_column_text css=&#8221;&#8221; el_class=&#8221;vermelho&#8221;]&lt; volver[\/vc_column_text][\/vc_column_inner][\/vc_row_inner][\/vc_column][vc_column width=&#8221;1\/2&#8243;][\/vc_column][\/vc_row][\/vc_section][vc_row css=&#8221;.vc_custom_1684314733605{margin-bottom: 100px !important;}&#8221;][vc_column width=&#8221;1\/2&#8243;][vc_raw_html]JTNDc3R5bGUlM0UlMjNtZW51LWl0ZW0tMTQ5JTdCY29sb3IlM0FyZ2IlMjgyMzclMkMyOCUyQzM2JTI5JTIxaW1wb3J0YW50JTNCJTdEJTNDJTJGc3R5bGUlM0U=[\/vc_raw_html][\/vc_column][\/vc_row]<\/p>\n","protected":false},"author":3,"featured_media":0,"parent":1405,"menu_order":0,"comment_status":"closed","ping_status":"closed","template":"","meta":{"footnotes":""},"class_list":["post-7585","page","type-page","status-publish","hentry"],"acf":[],"yoast_head":"<!-- This site is optimized with the Yoast SEO plugin v23.1 - https:\/\/yoast.com\/wordpress\/plugins\/seo\/ -->\n<title>Certificaciones &#8212; O FELIZ Painel<\/title>\n<meta name=\"robots\" content=\"index, follow, max-snippet:-1, max-image-preview:large, max-video-preview:-1\" \/>\n<link rel=\"canonical\" href=\"https:\/\/ofelizpainel.com\/es\/downloads\/certificaciones\/\" \/>\n<meta property=\"og:locale\" content=\"es_ES\" \/>\n<meta property=\"og:type\" content=\"article\" \/>\n<meta property=\"og:title\" content=\"Certificaciones &#8212; O FELIZ Painel\" \/>\n<meta property=\"og:description\" content=\"[vc_section 0=&#8221;&#8221; el_class=&#8221;oitentaheight&#8221;][vc_row css=&#8221;.vc_custom_1683214980993{margin-bottom: 40px !important;}&#8221;][vc_column width=&#8221;1\/2&#8243;][vc_row_inner][vc_column_inner width=&#8221;1\/3&#8243;][vc_single_image image=&#8221;7774&#8243; img_size=&#8221;large&#8221; onclick=&#8221;custom_link&#8221; img_link_target=&#8221;_blank&#8221; css=&#8221;&#8221;][\/vc_column_inner][vc_column_inner width=&#8221;2\/3&#8243;][vc_separator color=&#8221;black&#8221; align=&#8221;align_left&#8221;][vc_empty_space height=&#8221;10px&#8221;][vc_column_text 0=&#8221;&#8221; css=&#8221;&#8221;]CERTIF: Certificaci\u00f3n del Sistema de Gesti\u00f3n de Calidad[\/vc_column_text][vc_empty_space height=&#8221;10px&#8221;][vc_btn title=&#8221;SGQ-178\/2022.pdf&#8221; style=&#8221;outline&#8221; shape=&#8221;square&#8221; color=&#8221;black&#8221; size=&#8221;xs&#8221; align=&#8221;left&#8221; i_icon_fontawesome=&#8221;fa fa-file-pdf-o&#8221; add_icon=&#8221;true&#8221; link=&#8221;url:https%3A%2F%2Fofelizpainel.com%2Fwp-content%2Fuploads%2F2022%2F08%2FCertificado_Certif.pdf|title:CERTIF%3A%20Certifica%C3%A7%C3%A3o%20do%20Sistema%20de%20Gest%C3%A3o%20da%20Qualidade|target:%20_blank|&#8221;][vc_empty_space 0=&#8221;&#8221;][vc_column_text css=&#8221;&#8221; el_class=&#8221;vermelho&#8221;]&lt; volver[\/vc_column_text][\/vc_column_inner][\/vc_row_inner][\/vc_column][vc_column width=&#8221;1\/2&#8243;][\/vc_column][\/vc_row][\/vc_section][vc_row css=&#8221;.vc_custom_1684314733605{margin-bottom: 100px !important;}&#8221;][vc_column width=&#8221;1\/2&#8243;][vc_raw_html]JTNDc3R5bGUlM0UlMjNtZW51LWl0ZW0tMTQ5JTdCY29sb3IlM0FyZ2IlMjgyMzclMkMyOCUyQzM2JTI5JTIxaW1wb3J0YW50JTNCJTdEJTNDJTJGc3R5bGUlM0U=[\/vc_raw_html][\/vc_column][\/vc_row]\" \/>\n<meta property=\"og:url\" content=\"https:\/\/ofelizpainel.com\/es\/downloads\/certificaciones\/\" \/>\n<meta property=\"og:site_name\" content=\"O FELIZ Painel\" \/>\n<meta property=\"article:publisher\" content=\"https:\/\/www.facebook.com\/grupo.ofeliz\" \/>\n<meta property=\"article:modified_time\" content=\"2026-03-05T17:28:54+00:00\" \/>\n<meta name=\"twitter:card\" content=\"summary_large_image\" \/>\n<meta name=\"twitter:label1\" content=\"Tiempo de lectura\" \/>\n\t<meta name=\"twitter:data1\" content=\"1 minuto\" \/>\n<script type=\"application\/ld+json\" class=\"yoast-schema-graph\">{\"@context\":\"https:\/\/schema.org\",\"@graph\":[{\"@type\":\"WebPage\",\"@id\":\"https:\/\/ofelizpainel.com\/es\/downloads\/certificaciones\/\",\"url\":\"https:\/\/ofelizpainel.com\/es\/downloads\/certificaciones\/\",\"name\":\"Certificaciones &#8212; O FELIZ Painel\",\"isPartOf\":{\"@id\":\"https:\/\/ofelizpainel.com\/#website\"},\"datePublished\":\"2026-03-03T17:24:22+00:00\",\"dateModified\":\"2026-03-05T17:28:54+00:00\",\"breadcrumb\":{\"@id\":\"https:\/\/ofelizpainel.com\/es\/downloads\/certificaciones\/#breadcrumb\"},\"inLanguage\":\"es-ES\",\"potentialAction\":[{\"@type\":\"ReadAction\",\"target\":[\"https:\/\/ofelizpainel.com\/es\/downloads\/certificaciones\/\"]}]},{\"@type\":\"BreadcrumbList\",\"@id\":\"https:\/\/ofelizpainel.com\/es\/downloads\/certificaciones\/#breadcrumb\",\"itemListElement\":[{\"@type\":\"ListItem\",\"position\":1,\"name\":\"In\u00edcio\",\"item\":\"https:\/\/ofelizpainel.com\/es\/\"},{\"@type\":\"ListItem\",\"position\":2,\"name\":\"Downloads\",\"item\":\"https:\/\/ofelizpainel.com\/es\/downloads\/\"},{\"@type\":\"ListItem\",\"position\":3,\"name\":\"Certificaciones\"}]},{\"@type\":\"WebSite\",\"@id\":\"https:\/\/ofelizpainel.com\/#website\",\"url\":\"https:\/\/ofelizpainel.com\/\",\"name\":\"O FELIZ Painel\",\"description\":\"Sistemas de Painel Isolante para Arquitetura, Constru\u00e7\u00e3o e C\u00e2maras de Frio\",\"potentialAction\":[{\"@type\":\"SearchAction\",\"target\":{\"@type\":\"EntryPoint\",\"urlTemplate\":\"https:\/\/ofelizpainel.com\/?s={search_term_string}\"},\"query-input\":\"required name=search_term_string\"}],\"inLanguage\":\"es-ES\"}]}<\/script>\n<!-- \/ Yoast SEO plugin. -->","yoast_head_json":{"title":"Certificaciones &#8212; O FELIZ Painel","robots":{"index":"index","follow":"follow","max-snippet":"max-snippet:-1","max-image-preview":"max-image-preview:large","max-video-preview":"max-video-preview:-1"},"canonical":"https:\/\/ofelizpainel.com\/es\/downloads\/certificaciones\/","og_locale":"es_ES","og_type":"article","og_title":"Certificaciones &#8212; O FELIZ Painel","og_description":"[vc_section 0=&#8221;&#8221; el_class=&#8221;oitentaheight&#8221;][vc_row css=&#8221;.vc_custom_1683214980993{margin-bottom: 40px !important;}&#8221;][vc_column width=&#8221;1\/2&#8243;][vc_row_inner][vc_column_inner width=&#8221;1\/3&#8243;][vc_single_image image=&#8221;7774&#8243; img_size=&#8221;large&#8221; onclick=&#8221;custom_link&#8221; img_link_target=&#8221;_blank&#8221; css=&#8221;&#8221;][\/vc_column_inner][vc_column_inner width=&#8221;2\/3&#8243;][vc_separator color=&#8221;black&#8221; align=&#8221;align_left&#8221;][vc_empty_space height=&#8221;10px&#8221;][vc_column_text 0=&#8221;&#8221; css=&#8221;&#8221;]CERTIF: Certificaci\u00f3n del Sistema de Gesti\u00f3n de Calidad[\/vc_column_text][vc_empty_space height=&#8221;10px&#8221;][vc_btn title=&#8221;SGQ-178\/2022.pdf&#8221; style=&#8221;outline&#8221; shape=&#8221;square&#8221; color=&#8221;black&#8221; size=&#8221;xs&#8221; align=&#8221;left&#8221; i_icon_fontawesome=&#8221;fa fa-file-pdf-o&#8221; add_icon=&#8221;true&#8221; link=&#8221;url:https%3A%2F%2Fofelizpainel.com%2Fwp-content%2Fuploads%2F2022%2F08%2FCertificado_Certif.pdf|title:CERTIF%3A%20Certifica%C3%A7%C3%A3o%20do%20Sistema%20de%20Gest%C3%A3o%20da%20Qualidade|target:%20_blank|&#8221;][vc_empty_space 0=&#8221;&#8221;][vc_column_text css=&#8221;&#8221; el_class=&#8221;vermelho&#8221;]&lt; volver[\/vc_column_text][\/vc_column_inner][\/vc_row_inner][\/vc_column][vc_column width=&#8221;1\/2&#8243;][\/vc_column][\/vc_row][\/vc_section][vc_row css=&#8221;.vc_custom_1684314733605{margin-bottom: 100px !important;}&#8221;][vc_column width=&#8221;1\/2&#8243;][vc_raw_html]JTNDc3R5bGUlM0UlMjNtZW51LWl0ZW0tMTQ5JTdCY29sb3IlM0FyZ2IlMjgyMzclMkMyOCUyQzM2JTI5JTIxaW1wb3J0YW50JTNCJTdEJTNDJTJGc3R5bGUlM0U=[\/vc_raw_html][\/vc_column][\/vc_row]","og_url":"https:\/\/ofelizpainel.com\/es\/downloads\/certificaciones\/","og_site_name":"O FELIZ Painel","article_publisher":"https:\/\/www.facebook.com\/grupo.ofeliz","article_modified_time":"2026-03-05T17:28:54+00:00","twitter_card":"summary_large_image","twitter_misc":{"Tiempo de lectura":"1 minuto"},"schema":{"@context":"https:\/\/schema.org","@graph":[{"@type":"WebPage","@id":"https:\/\/ofelizpainel.com\/es\/downloads\/certificaciones\/","url":"https:\/\/ofelizpainel.com\/es\/downloads\/certificaciones\/","name":"Certificaciones &#8212; O FELIZ Painel","isPartOf":{"@id":"https:\/\/ofelizpainel.com\/#website"},"datePublished":"2026-03-03T17:24:22+00:00","dateModified":"2026-03-05T17:28:54+00:00","breadcrumb":{"@id":"https:\/\/ofelizpainel.com\/es\/downloads\/certificaciones\/#breadcrumb"},"inLanguage":"es-ES","potentialAction":[{"@type":"ReadAction","target":["https:\/\/ofelizpainel.com\/es\/downloads\/certificaciones\/"]}]},{"@type":"BreadcrumbList","@id":"https:\/\/ofelizpainel.com\/es\/downloads\/certificaciones\/#breadcrumb","itemListElement":[{"@type":"ListItem","position":1,"name":"In\u00edcio","item":"https:\/\/ofelizpainel.com\/es\/"},{"@type":"ListItem","position":2,"name":"Downloads","item":"https:\/\/ofelizpainel.com\/es\/downloads\/"},{"@type":"ListItem","position":3,"name":"Certificaciones"}]},{"@type":"WebSite","@id":"https:\/\/ofelizpainel.com\/#website","url":"https:\/\/ofelizpainel.com\/","name":"O FELIZ Painel","description":"Sistemas de Painel Isolante para Arquitetura, Constru\u00e7\u00e3o e C\u00e2maras de Frio","potentialAction":[{"@type":"SearchAction","target":{"@type":"EntryPoint","urlTemplate":"https:\/\/ofelizpainel.com\/?s={search_term_string}"},"query-input":"required name=search_term_string"}],"inLanguage":"es-ES"}]}},"_links":{"self":[{"href":"https:\/\/ofelizpainel.com\/es\/wp-json\/wp\/v2\/pages\/7585"}],"collection":[{"href":"https:\/\/ofelizpainel.com\/es\/wp-json\/wp\/v2\/pages"}],"about":[{"href":"https:\/\/ofelizpainel.com\/es\/wp-json\/wp\/v2\/types\/page"}],"author":[{"embeddable":true,"href":"https:\/\/ofelizpainel.com\/es\/wp-json\/wp\/v2\/users\/3"}],"replies":[{"embeddable":true,"href":"https:\/\/ofelizpainel.com\/es\/wp-json\/wp\/v2\/comments?post=7585"}],"version-history":[{"count":4,"href":"https:\/\/ofelizpainel.com\/es\/wp-json\/wp\/v2\/pages\/7585\/revisions"}],"predecessor-version":[{"id":7919,"href":"https:\/\/ofelizpainel.com\/es\/wp-json\/wp\/v2\/pages\/7585\/revisions\/7919"}],"up":[{"embeddable":true,"href":"https:\/\/ofelizpainel.com\/es\/wp-json\/wp\/v2\/pages\/1405"}],"wp:attachment":[{"href":"https:\/\/ofelizpainel.com\/es\/wp-json\/wp\/v2\/media?parent=7585"}],"curies":[{"name":"wp","href":"https:\/\/api.w.org\/{rel}","templated":true}]}}