{"id":3928,"date":"2017-04-13T14:36:09","date_gmt":"2017-04-13T14:36:09","guid":{"rendered":"https:\/\/ofelizpainel.com\/?page_id=3928"},"modified":"2025-12-15T14:38:15","modified_gmt":"2025-12-15T14:38:15","slug":"catalogos","status":"publish","type":"page","link":"https:\/\/ofelizpainel.com\/es\/downloads\/catalogos\/","title":{"rendered":"Cat\u00e1logos"},"content":{"rendered":"<div class=\"wpb-content-wrapper\"><p>[vc_section el_class=&#8221;oitentaheight&#8221;][vc_row css=&#8221;.vc_custom_1683215680781{margin-bottom: 40px !important;}&#8221;][vc_column width=&#8221;1\/2&#8243;][vc_row_inner 0=&#8221;&#8221;][vc_column_inner width=&#8221;1\/3&#8243;][vc_single_image image=&#8221;6856&#8243; img_size=&#8221;large&#8221; onclick=&#8221;custom_link&#8221; img_link_target=&#8221;_blank&#8221; css=&#8221;&#8221;][\/vc_column_inner][vc_column_inner width=&#8221;2\/3&#8243;][vc_column_text css=&#8221;&#8221;]<\/p>\n<h2 style=\"color: #171717; font-size: 26px;\">Panel Teja<\/h2>\n<p>[\/vc_column_text][vc_column_text css=&#8221;&#8221; el_class=&#8221;smallerText&#8221;]Sistemas de Panel Aislante para la Construcci\u00f3n<br \/>\nTopcover Tile \/ Topcover Tile Marselha[\/vc_column_text][vc_empty_space height=&#8221;10px&#8221;][vc_btn title=&#8221;Folleto.pdf&#8221; style=&#8221;outline&#8221; shape=&#8221;square&#8221; color=&#8221;black&#8221; size=&#8221;xs&#8221; align=&#8221;left&#8221; i_icon_fontawesome=&#8221;far fa-file-pdf&#8221; css=&#8221;&#8221; add_icon=&#8221;true&#8221; link=&#8221;url:https%3A%2F%2Fofelizpainel.com%2Fwp-content%2Fuploads%2F2025%2F09%2FOFPA-PainelTelha-es.pdf|target:_blank&#8221;][vc_empty_space][vc_column_text el_class=&#8221;vermelho&#8221;]<a style=\"color: rbg(237, 28, 36)!important;\" href=\"http:\/\/ofelizpainel.com\/es\/downloads\/\">&lt; volver<\/a>[\/vc_column_text][\/vc_column_inner][\/vc_row_inner][\/vc_column][vc_column width=&#8221;1\/2&#8243;][vc_row_inner 0=&#8221;&#8221;][vc_column_inner width=&#8221;1\/3&#8243;][vc_single_image image=&#8221;5761&#8243; img_size=&#8221;large&#8221; onclick=&#8221;custom_link&#8221; img_link_target=&#8221;_blank&#8221;][\/vc_column_inner][vc_column_inner width=&#8221;2\/3&#8243;][vc_column_text css=&#8221;&#8221;]<\/p>\n<h2 style=\"color: #171717; font-size: 26px;\">Panel S\u00e1ndwich (C)<\/h2>\n<p>[\/vc_column_text][vc_column_text el_class=&#8221;smallerText&#8221;]Sistemas de Panel Aislante para Arquitectura, Construcci\u00f3n y C\u00e1maras de Fr\u00edo[\/vc_column_text][vc_empty_space height=&#8221;10px&#8221;][vc_btn title=&#8221;Catalogo.pdf&#8221; style=&#8221;outline&#8221; shape=&#8221;square&#8221; color=&#8221;black&#8221; size=&#8221;xs&#8221; align=&#8221;left&#8221; i_icon_fontawesome=&#8221;far fa-file-pdf&#8221; css=&#8221;&#8221; add_icon=&#8221;true&#8221; link=&#8221;url:https%3A%2F%2Fofelizpainel.com%2Fwp-content%2Fuploads%2F2025%2F09%2FOFPA-PainelSandwich-c-es.pdf|target:_blank&#8221;][vc_empty_space][vc_column_text el_class=&#8221;vermelho&#8221;]<a style=\"color: rbg(237, 28, 36)!important;\" href=\"http:\/\/ofelizpainel.com\/es\/downloads\/\">&lt; volver<\/a>[\/vc_column_text][\/vc_column_inner][\/vc_row_inner][\/vc_column][\/vc_row][vc_row css=&#8221;.vc_custom_1683215680781{margin-bottom: 40px !important;}&#8221;][vc_column width=&#8221;1\/2&#8243;][vc_row_inner 0=&#8221;&#8221;][vc_column_inner width=&#8221;1\/3&#8243;][vc_single_image image=&#8221;5761&#8243; img_size=&#8221;large&#8221; onclick=&#8221;custom_link&#8221; img_link_target=&#8221;_blank&#8221; css=&#8221;&#8221;][\/vc_column_inner][vc_column_inner width=&#8221;2\/3&#8243;][vc_column_text css=&#8221;&#8221;]<\/p>\n<h2 style=\"color: #171717; font-size: 26px;\">Panel S\u00e1ndwich (F)<\/h2>\n<p>[\/vc_column_text][vc_column_text css=&#8221;&#8221; el_class=&#8221;smallerText&#8221;]Sistemas de Panel Aislante para Arquitectura, Construcci\u00f3n y C\u00e1maras de Fr\u00edo[\/vc_column_text][vc_empty_space height=&#8221;10px&#8221;][vc_btn title=&#8221;Folleto.pdf&#8221; style=&#8221;outline&#8221; shape=&#8221;square&#8221; color=&#8221;black&#8221; size=&#8221;xs&#8221; align=&#8221;left&#8221; i_icon_fontawesome=&#8221;far fa-file-pdf&#8221; css=&#8221;&#8221; add_icon=&#8221;true&#8221; link=&#8221;url:https%3A%2F%2Fofelizpainel.com%2Fwp-content%2Fuploads%2F2025%2F12%2FOFPA-PainelSandwich-f-es.pdf|target:_blank&#8221;][vc_empty_space][vc_column_text el_class=&#8221;vermelho&#8221;]<a style=\"color: rbg(237, 28, 36)!important;\" href=\"http:\/\/ofelizpainel.com\/es\/downloads\/\">&lt; volver<\/a>[\/vc_column_text][\/vc_column_inner][\/vc_row_inner][\/vc_column][vc_column width=&#8221;1\/2&#8243;][vc_row_inner 0=&#8221;&#8221;][vc_column_inner width=&#8221;1\/3&#8243;][vc_single_image image=&#8221;5789&#8243; img_size=&#8221;large&#8221; onclick=&#8221;custom_link&#8221; img_link_target=&#8221;_blank&#8221;][\/vc_column_inner][vc_column_inner width=&#8221;2\/3&#8243;][vc_column_text]<\/p>\n<h2 style=\"color: #171717; font-size: 26px;\">Chapa Perfilada<\/h2>\n<p>[\/vc_column_text][vc_column_text el_class=&#8221;smallerText&#8221;]Conformados\u00a0en Fr\u00edo[\/vc_column_text][vc_empty_space height=&#8221;10px&#8221;][vc_btn title=&#8221;Catalogo.pdf&#8221; style=&#8221;outline&#8221; shape=&#8221;square&#8221; color=&#8221;black&#8221; size=&#8221;xs&#8221; align=&#8221;left&#8221; i_icon_fontawesome=&#8221;far fa-file-pdf&#8221; css=&#8221;&#8221; add_icon=&#8221;true&#8221; link=&#8221;url:https%3A%2F%2Fofelizpainel.com%2Fwp-content%2Fuploads%2F2024%2F12%2FOFMT-ChapaPerfilada-es.pdf|target:_blank&#8221;][vc_empty_space][vc_column_text el_class=&#8221;vermelho&#8221;]<a style=\"color: rbg(237, 28, 36)!important;\" href=\"http:\/\/ofelizpainel.com\/es\/downloads\/\">&lt; volver<\/a>[\/vc_column_text][\/vc_column_inner][\/vc_row_inner][\/vc_column][\/vc_row][vc_row css=&#8221;.vc_custom_1683215680781{margin-bottom: 40px !important;}&#8221;][vc_column width=&#8221;1\/2&#8243;][vc_row_inner 0=&#8221;&#8221;][vc_column_inner width=&#8221;1\/3&#8243;][vc_single_image image=&#8221;6763&#8243; img_size=&#8221;large&#8221; onclick=&#8221;custom_link&#8221; img_link_target=&#8221;_blank&#8221; css=&#8221;&#8221;][\/vc_column_inner][vc_column_inner width=&#8221;2\/3&#8243;][vc_column_text css=&#8221;&#8221;]<\/p>\n<h2 style=\"color: #171717; font-size: 26px;\">Chapa y Perfilados<\/h2>\n<p>[\/vc_column_text][vc_column_text css=&#8221;&#8221; el_class=&#8221;smallerText&#8221;]Chapa Perfilada \/ Accesorios \/ Superomega<br \/>\nCorreas C y Z \/ Forjado Mixto \u00b7 H60[\/vc_column_text][vc_empty_space height=&#8221;10px&#8221;][vc_btn title=&#8221;Folleto.pdf&#8221; style=&#8221;outline&#8221; shape=&#8221;square&#8221; color=&#8221;black&#8221; size=&#8221;xs&#8221; align=&#8221;left&#8221; i_icon_fontawesome=&#8221;far fa-file-pdf&#8221; css=&#8221;&#8221; add_icon=&#8221;true&#8221; link=&#8221;url:https%3A%2F%2Fofelizpainel.com%2Fwp-content%2Fuploads%2F2025%2F09%2FOFMT-ChapaPerfilados-es.pdf|target:_blank&#8221;][vc_empty_space][vc_column_text el_class=&#8221;vermelho&#8221;]<a style=\"color: rbg(237, 28, 36)!important;\" href=\"http:\/\/ofelizpainel.com\/es\/downloads\/\">&lt; volver<\/a>[\/vc_column_text][\/vc_column_inner][\/vc_row_inner][\/vc_column][vc_column width=&#8221;1\/2&#8243;][vc_row_inner 0=&#8221;&#8221;][vc_column_inner width=&#8221;1\/3&#8243;][vc_single_image image=&#8221;6435&#8243; img_size=&#8221;large&#8221; onclick=&#8221;custom_link&#8221; img_link_target=&#8221;_blank&#8221;][\/vc_column_inner][vc_column_inner width=&#8221;2\/3&#8243;][vc_column_text]<\/p>\n<h2 style=\"color: #171717; font-size: 26px;\">Superomega<\/h2>\n<p>[\/vc_column_text][vc_column_text el_class=&#8221;smallerText&#8221;]Perfiles de Acero Ligero Conformados en Fr\u00edo[\/vc_column_text][vc_empty_space height=&#8221;10px&#8221;][vc_btn title=&#8221;Catalogo.pdf&#8221; style=&#8221;outline&#8221; shape=&#8221;square&#8221; color=&#8221;black&#8221; size=&#8221;xs&#8221; align=&#8221;left&#8221; i_icon_fontawesome=&#8221;fa fa-file-pdf-o&#8221; add_icon=&#8221;true&#8221; link=&#8221;url:https%3A%2F%2Fofelizpainel.com%2Fwp-content%2Fuploads%2F2024%2F02%2FOFMT-Superomega-es.pdf||target:%20_blank|&#8221;][vc_empty_space][vc_column_text el_class=&#8221;vermelho&#8221;]<a style=\"color: rbg(237, 28, 36)!important;\" href=\"http:\/\/ofelizpainel.com\/es\/downloads\/\">&lt; volver<\/a>[\/vc_column_text][\/vc_column_inner][\/vc_row_inner][\/vc_column][\/vc_row][vc_row css=&#8221;.vc_custom_1683215680781{margin-bottom: 40px !important;}&#8221;][vc_column width=&#8221;1\/2&#8243;][vc_row_inner 0=&#8221;&#8221;][vc_column_inner width=&#8221;1\/3&#8243;][vc_single_image image=&#8221;7442&#8243; img_size=&#8221;large&#8221; onclick=&#8221;custom_link&#8221; img_link_target=&#8221;_blank&#8221; css=&#8221;&#8221;][\/vc_column_inner][vc_column_inner width=&#8221;2\/3&#8243;][vc_column_text css=&#8221;&#8221;]<\/p>\n<h2 style=\"color: #171717; font-size: 26px;\">Forjado Colaborante<\/h2>\n<p>[\/vc_column_text][vc_column_text el_class=&#8221;smallerText&#8221;]H60 | Perfil Conformado\u00a0en Fr\u00edo[\/vc_column_text][vc_empty_space height=&#8221;10px&#8221;][vc_btn title=&#8221;Catalogo.pdf&#8221; style=&#8221;outline&#8221; shape=&#8221;square&#8221; color=&#8221;black&#8221; size=&#8221;xs&#8221; align=&#8221;left&#8221; i_icon_fontawesome=&#8221;far fa-file-pdf&#8221; css=&#8221;&#8221; add_icon=&#8221;true&#8221; link=&#8221;url:https%3A%2F%2Fofelizpainel.com%2Fwp-content%2Fuploads%2F2023%2F09%2FOFMT-ForjadoColaborante-es.pdf|target:_blank&#8221;][vc_empty_space][vc_column_text el_class=&#8221;vermelho&#8221;]<a style=\"color: rbg(237, 28, 36)!important;\" href=\"http:\/\/ofelizpainel.com\/es\/downloads\/\">&lt; volver<\/a>[\/vc_column_text][\/vc_column_inner][\/vc_row_inner][\/vc_column][vc_column width=&#8221;1\/2&#8243;][vc_row_inner 0=&#8221;&#8221;][vc_column_inner width=&#8221;1\/3&#8243;][vc_single_image image=&#8221;6014&#8243; img_size=&#8221;large&#8221; onclick=&#8221;custom_link&#8221; img_link_target=&#8221;_blank&#8221; css=&#8221;&#8221;][\/vc_column_inner][vc_column_inner width=&#8221;2\/3&#8243;][vc_column_text css=&#8221;&#8221;]<\/p>\n<h2 style=\"color: #171717; font-size: 26px;\">Correas C y Z<\/h2>\n<p>[\/vc_column_text][vc_column_text css=&#8221;&#8221; el_class=&#8221;smallerText&#8221;]Perfiles Conformados\u00a0en Fr\u00edo[\/vc_column_text][vc_empty_space height=&#8221;10px&#8221;][vc_btn title=&#8221;Catalogo.pdf&#8221; style=&#8221;outline&#8221; shape=&#8221;square&#8221; color=&#8221;black&#8221; size=&#8221;xs&#8221; align=&#8221;left&#8221; i_icon_fontawesome=&#8221;far fa-file-pdf&#8221; css=&#8221;&#8221; add_icon=&#8221;true&#8221; link=&#8221;url:https%3A%2F%2Fofelizpainel.com%2Fwp-content%2Fuploads%2F2023%2F09%2FOFMT-CorreasCyZ-es.pdf|target:_blank&#8221;][vc_empty_space][vc_column_text el_class=&#8221;vermelho&#8221;]<a style=\"color: rbg(237, 28, 36)!important;\" href=\"http:\/\/ofelizpainel.com\/es\/downloads\/\">&lt; volver<\/a>[\/vc_column_text][\/vc_column_inner][\/vc_row_inner][\/vc_column][\/vc_row][vc_row css=&#8221;.vc_custom_1683215680781{margin-bottom: 40px !important;}&#8221;][vc_column width=&#8221;1\/2&#8243;][\/vc_column][vc_column width=&#8221;1\/2&#8243;][\/vc_column][\/vc_row][\/vc_section]<\/p>\n<\/div>","protected":false},"excerpt":{"rendered":"<p>[vc_section el_class=&#8221;oitentaheight&#8221;][vc_row css=&#8221;.vc_custom_1683215680781{margin-bottom: 40px !important;}&#8221;][vc_column width=&#8221;1\/2&#8243;][vc_row_inner 0=&#8221;&#8221;][vc_column_inner width=&#8221;1\/3&#8243;][vc_single_image image=&#8221;6856&#8243; img_size=&#8221;large&#8221; onclick=&#8221;custom_link&#8221; img_link_target=&#8221;_blank&#8221; css=&#8221;&#8221;][\/vc_column_inner][vc_column_inner width=&#8221;2\/3&#8243;][vc_column_text css=&#8221;&#8221;] Panel Teja [\/vc_column_text][vc_column_text css=&#8221;&#8221; el_class=&#8221;smallerText&#8221;]Sistemas de Panel Aislante para la Construcci\u00f3n Topcover Tile \/ Topcover Tile Marselha[\/vc_column_text][vc_empty_space height=&#8221;10px&#8221;][vc_btn title=&#8221;Folleto.pdf&#8221; style=&#8221;outline&#8221; shape=&#8221;square&#8221; color=&#8221;black&#8221; size=&#8221;xs&#8221; align=&#8221;left&#8221; i_icon_fontawesome=&#8221;far fa-file-pdf&#8221; css=&#8221;&#8221; add_icon=&#8221;true&#8221; link=&#8221;url:https%3A%2F%2Fofelizpainel.com%2Fwp-content%2Fuploads%2F2025%2F09%2FOFPA-PainelTelha-es.pdf|target:_blank&#8221;][vc_empty_space][vc_column_text el_class=&#8221;vermelho&#8221;]&lt; volver[\/vc_column_text][\/vc_column_inner][\/vc_row_inner][\/vc_column][vc_column width=&#8221;1\/2&#8243;][vc_row_inner 0=&#8221;&#8221;][vc_column_inner width=&#8221;1\/3&#8243;][vc_single_image image=&#8221;5761&#8243; img_size=&#8221;large&#8221; onclick=&#8221;custom_link&#8221; img_link_target=&#8221;_blank&#8221;][\/vc_column_inner][vc_column_inner width=&#8221;2\/3&#8243;][vc_column_text css=&#8221;&#8221;] [&hellip;]<\/p>\n","protected":false},"author":1,"featured_media":0,"parent":1405,"menu_order":0,"comment_status":"closed","ping_status":"closed","template":"","meta":{"footnotes":""},"class_list":["post-3928","page","type-page","status-publish","hentry"],"acf":[],"yoast_head":"<!-- This site is optimized with the Yoast SEO plugin v23.1 - https:\/\/yoast.com\/wordpress\/plugins\/seo\/ -->\n<title>Cat\u00e1logos &#8212; O FELIZ Painel<\/title>\n<meta name=\"robots\" content=\"index, follow, max-snippet:-1, max-image-preview:large, max-video-preview:-1\" \/>\n<link rel=\"canonical\" href=\"https:\/\/ofelizpainel.com\/es\/downloads\/catalogos\/\" \/>\n<meta property=\"og:locale\" content=\"es_ES\" \/>\n<meta property=\"og:type\" content=\"article\" \/>\n<meta property=\"og:title\" content=\"Cat\u00e1logos &#8212; O FELIZ Painel\" \/>\n<meta property=\"og:description\" content=\"[vc_section el_class=&#8221;oitentaheight&#8221;][vc_row css=&#8221;.vc_custom_1683215680781{margin-bottom: 40px !important;}&#8221;][vc_column width=&#8221;1\/2&#8243;][vc_row_inner 0=&#8221;&#8221;][vc_column_inner width=&#8221;1\/3&#8243;][vc_single_image image=&#8221;6856&#8243; img_size=&#8221;large&#8221; onclick=&#8221;custom_link&#8221; img_link_target=&#8221;_blank&#8221; css=&#8221;&#8221;][\/vc_column_inner][vc_column_inner width=&#8221;2\/3&#8243;][vc_column_text css=&#8221;&#8221;] Panel Teja [\/vc_column_text][vc_column_text css=&#8221;&#8221; el_class=&#8221;smallerText&#8221;]Sistemas de Panel Aislante para la Construcci\u00f3n Topcover Tile \/ Topcover Tile Marselha[\/vc_column_text][vc_empty_space height=&#8221;10px&#8221;][vc_btn title=&#8221;Folleto.pdf&#8221; style=&#8221;outline&#8221; shape=&#8221;square&#8221; color=&#8221;black&#8221; size=&#8221;xs&#8221; align=&#8221;left&#8221; i_icon_fontawesome=&#8221;far fa-file-pdf&#8221; css=&#8221;&#8221; add_icon=&#8221;true&#8221; link=&#8221;url:https%3A%2F%2Fofelizpainel.com%2Fwp-content%2Fuploads%2F2025%2F09%2FOFPA-PainelTelha-es.pdf|target:_blank&#8221;][vc_empty_space][vc_column_text el_class=&#8221;vermelho&#8221;]&lt; volver[\/vc_column_text][\/vc_column_inner][\/vc_row_inner][\/vc_column][vc_column width=&#8221;1\/2&#8243;][vc_row_inner 0=&#8221;&#8221;][vc_column_inner width=&#8221;1\/3&#8243;][vc_single_image image=&#8221;5761&#8243; img_size=&#8221;large&#8221; onclick=&#8221;custom_link&#8221; img_link_target=&#8221;_blank&#8221;][\/vc_column_inner][vc_column_inner width=&#8221;2\/3&#8243;][vc_column_text css=&#8221;&#8221;] [&hellip;]\" \/>\n<meta property=\"og:url\" content=\"https:\/\/ofelizpainel.com\/es\/downloads\/catalogos\/\" \/>\n<meta property=\"og:site_name\" content=\"O FELIZ Painel\" \/>\n<meta property=\"article:publisher\" content=\"https:\/\/www.facebook.com\/grupo.ofeliz\" \/>\n<meta property=\"article:modified_time\" content=\"2025-12-15T14:38:15+00:00\" \/>\n<meta name=\"twitter:card\" content=\"summary_large_image\" \/>\n<meta name=\"twitter:label1\" content=\"Tiempo de lectura\" \/>\n\t<meta name=\"twitter:data1\" content=\"2 minutos\" \/>\n<script type=\"application\/ld+json\" class=\"yoast-schema-graph\">{\"@context\":\"https:\/\/schema.org\",\"@graph\":[{\"@type\":\"WebPage\",\"@id\":\"https:\/\/ofelizpainel.com\/es\/downloads\/catalogos\/\",\"url\":\"https:\/\/ofelizpainel.com\/es\/downloads\/catalogos\/\",\"name\":\"Cat\u00e1logos &#8212; O FELIZ Painel\",\"isPartOf\":{\"@id\":\"https:\/\/ofelizpainel.com\/#website\"},\"datePublished\":\"2017-04-13T14:36:09+00:00\",\"dateModified\":\"2025-12-15T14:38:15+00:00\",\"breadcrumb\":{\"@id\":\"https:\/\/ofelizpainel.com\/es\/downloads\/catalogos\/#breadcrumb\"},\"inLanguage\":\"es-ES\",\"potentialAction\":[{\"@type\":\"ReadAction\",\"target\":[\"https:\/\/ofelizpainel.com\/es\/downloads\/catalogos\/\"]}]},{\"@type\":\"BreadcrumbList\",\"@id\":\"https:\/\/ofelizpainel.com\/es\/downloads\/catalogos\/#breadcrumb\",\"itemListElement\":[{\"@type\":\"ListItem\",\"position\":1,\"name\":\"In\u00edcio\",\"item\":\"https:\/\/ofelizpainel.com\/es\/\"},{\"@type\":\"ListItem\",\"position\":2,\"name\":\"Downloads\",\"item\":\"https:\/\/ofelizpainel.com\/es\/downloads\/\"},{\"@type\":\"ListItem\",\"position\":3,\"name\":\"Cat\u00e1logos\"}]},{\"@type\":\"WebSite\",\"@id\":\"https:\/\/ofelizpainel.com\/#website\",\"url\":\"https:\/\/ofelizpainel.com\/\",\"name\":\"O FELIZ Painel\",\"description\":\"Sistemas de Painel Isolante para Arquitetura, Constru\u00e7\u00e3o e C\u00e2maras de Frio\",\"potentialAction\":[{\"@type\":\"SearchAction\",\"target\":{\"@type\":\"EntryPoint\",\"urlTemplate\":\"https:\/\/ofelizpainel.com\/?s={search_term_string}\"},\"query-input\":\"required name=search_term_string\"}],\"inLanguage\":\"es-ES\"}]}<\/script>\n<!-- \/ Yoast SEO plugin. -->","yoast_head_json":{"title":"Cat\u00e1logos &#8212; O FELIZ Painel","robots":{"index":"index","follow":"follow","max-snippet":"max-snippet:-1","max-image-preview":"max-image-preview:large","max-video-preview":"max-video-preview:-1"},"canonical":"https:\/\/ofelizpainel.com\/es\/downloads\/catalogos\/","og_locale":"es_ES","og_type":"article","og_title":"Cat\u00e1logos &#8212; O FELIZ Painel","og_description":"[vc_section el_class=&#8221;oitentaheight&#8221;][vc_row css=&#8221;.vc_custom_1683215680781{margin-bottom: 40px !important;}&#8221;][vc_column width=&#8221;1\/2&#8243;][vc_row_inner 0=&#8221;&#8221;][vc_column_inner width=&#8221;1\/3&#8243;][vc_single_image image=&#8221;6856&#8243; img_size=&#8221;large&#8221; onclick=&#8221;custom_link&#8221; img_link_target=&#8221;_blank&#8221; css=&#8221;&#8221;][\/vc_column_inner][vc_column_inner width=&#8221;2\/3&#8243;][vc_column_text css=&#8221;&#8221;] Panel Teja [\/vc_column_text][vc_column_text css=&#8221;&#8221; el_class=&#8221;smallerText&#8221;]Sistemas de Panel Aislante para la Construcci\u00f3n Topcover Tile \/ Topcover Tile Marselha[\/vc_column_text][vc_empty_space height=&#8221;10px&#8221;][vc_btn title=&#8221;Folleto.pdf&#8221; style=&#8221;outline&#8221; shape=&#8221;square&#8221; color=&#8221;black&#8221; size=&#8221;xs&#8221; align=&#8221;left&#8221; i_icon_fontawesome=&#8221;far fa-file-pdf&#8221; css=&#8221;&#8221; add_icon=&#8221;true&#8221; link=&#8221;url:https%3A%2F%2Fofelizpainel.com%2Fwp-content%2Fuploads%2F2025%2F09%2FOFPA-PainelTelha-es.pdf|target:_blank&#8221;][vc_empty_space][vc_column_text el_class=&#8221;vermelho&#8221;]&lt; volver[\/vc_column_text][\/vc_column_inner][\/vc_row_inner][\/vc_column][vc_column width=&#8221;1\/2&#8243;][vc_row_inner 0=&#8221;&#8221;][vc_column_inner width=&#8221;1\/3&#8243;][vc_single_image image=&#8221;5761&#8243; img_size=&#8221;large&#8221; onclick=&#8221;custom_link&#8221; img_link_target=&#8221;_blank&#8221;][\/vc_column_inner][vc_column_inner width=&#8221;2\/3&#8243;][vc_column_text css=&#8221;&#8221;] [&hellip;]","og_url":"https:\/\/ofelizpainel.com\/es\/downloads\/catalogos\/","og_site_name":"O FELIZ Painel","article_publisher":"https:\/\/www.facebook.com\/grupo.ofeliz","article_modified_time":"2025-12-15T14:38:15+00:00","twitter_card":"summary_large_image","twitter_misc":{"Tiempo de lectura":"2 minutos"},"schema":{"@context":"https:\/\/schema.org","@graph":[{"@type":"WebPage","@id":"https:\/\/ofelizpainel.com\/es\/downloads\/catalogos\/","url":"https:\/\/ofelizpainel.com\/es\/downloads\/catalogos\/","name":"Cat\u00e1logos &#8212; O FELIZ Painel","isPartOf":{"@id":"https:\/\/ofelizpainel.com\/#website"},"datePublished":"2017-04-13T14:36:09+00:00","dateModified":"2025-12-15T14:38:15+00:00","breadcrumb":{"@id":"https:\/\/ofelizpainel.com\/es\/downloads\/catalogos\/#breadcrumb"},"inLanguage":"es-ES","potentialAction":[{"@type":"ReadAction","target":["https:\/\/ofelizpainel.com\/es\/downloads\/catalogos\/"]}]},{"@type":"BreadcrumbList","@id":"https:\/\/ofelizpainel.com\/es\/downloads\/catalogos\/#breadcrumb","itemListElement":[{"@type":"ListItem","position":1,"name":"In\u00edcio","item":"https:\/\/ofelizpainel.com\/es\/"},{"@type":"ListItem","position":2,"name":"Downloads","item":"https:\/\/ofelizpainel.com\/es\/downloads\/"},{"@type":"ListItem","position":3,"name":"Cat\u00e1logos"}]},{"@type":"WebSite","@id":"https:\/\/ofelizpainel.com\/#website","url":"https:\/\/ofelizpainel.com\/","name":"O FELIZ Painel","description":"Sistemas de Painel Isolante para Arquitetura, Constru\u00e7\u00e3o e C\u00e2maras de Frio","potentialAction":[{"@type":"SearchAction","target":{"@type":"EntryPoint","urlTemplate":"https:\/\/ofelizpainel.com\/?s={search_term_string}"},"query-input":"required name=search_term_string"}],"inLanguage":"es-ES"}]}},"_links":{"self":[{"href":"https:\/\/ofelizpainel.com\/es\/wp-json\/wp\/v2\/pages\/3928"}],"collection":[{"href":"https:\/\/ofelizpainel.com\/es\/wp-json\/wp\/v2\/pages"}],"about":[{"href":"https:\/\/ofelizpainel.com\/es\/wp-json\/wp\/v2\/types\/page"}],"author":[{"embeddable":true,"href":"https:\/\/ofelizpainel.com\/es\/wp-json\/wp\/v2\/users\/1"}],"replies":[{"embeddable":true,"href":"https:\/\/ofelizpainel.com\/es\/wp-json\/wp\/v2\/comments?post=3928"}],"version-history":[{"count":65,"href":"https:\/\/ofelizpainel.com\/es\/wp-json\/wp\/v2\/pages\/3928\/revisions"}],"predecessor-version":[{"id":7486,"href":"https:\/\/ofelizpainel.com\/es\/wp-json\/wp\/v2\/pages\/3928\/revisions\/7486"}],"up":[{"embeddable":true,"href":"https:\/\/ofelizpainel.com\/es\/wp-json\/wp\/v2\/pages\/1405"}],"wp:attachment":[{"href":"https:\/\/ofelizpainel.com\/es\/wp-json\/wp\/v2\/media?parent=3928"}],"curies":[{"name":"wp","href":"https:\/\/api.w.org\/{rel}","templated":true}]}}