{"id":1423,"date":"2017-04-07T10:10:17","date_gmt":"2017-04-07T10:10:17","guid":{"rendered":"http:\/\/ofelizpainel.com\/noticias\/"},"modified":"2025-11-18T12:23:15","modified_gmt":"2025-11-18T12:23:15","slug":"noticias","status":"publish","type":"page","link":"https:\/\/ofelizpainel.com\/es\/noticias\/","title":{"rendered":"Not\u00edcias"},"content":{"rendered":"<div class=\"wpb-content-wrapper\"><p>[vc_row][vc_column]\n        <div>\n            \n                <div class=\"nk-pagination nk-pagination-nobg nk-pagination-center nk-isotope-filter-active\">\n                    <a href=\"#nk-toggle-filter\"><span class=\"nk-icon-squares\"><\/span><\/a>\n                <\/div>\n                <ul class=\"nk-isotope-filter nk-isotope-filter-active\">\n                    <li class=\"active\" data-filter=\"*\">All<\/li>\n                    \n                <\/ul>\n                        <div class=\"nk-blog-list  nk-isotope nk-isotope-2-cols nk-blog-isotope nk-isotope-gap nk-infinite-scroll-container \">                     <div id=\"post-1459\" class=\"nk-isotope-item post-1459 post type-post status-publish format-standard has-post-thumbnail hentry\" data-filter=\"\">\n                        <div class=\"nk-blog-post\">\n                                                                                                <div class=\"nk-post-thumb\">\n                                        <a href=\"https:\/\/ofelizpainel.com\/es\/a-tektonica-2017-foi-um-verdadeiro-sucesso\/\">\n                                            <img decoding=\"async\" src=\"https:\/\/ofelizpainel.com\/wp-content\/uploads\/2017\/12\/Batimat2017-1280x942.jpg\" alt=\"A Tekt\u00f3nica 2017 foi um verdadeiro sucesso!\" class=\"nk-img-stretch\">\n                                        <\/a>\n                                                                                    <div class=\"nk-post-category\">\n                                                <a href=\"\"><\/a>\n                                            <\/div>\n                                                                            <\/div>\n                                \n                                <h2 class=\"nk-post-title h4\"><a href=\"https:\/\/ofelizpainel.com\/es\/a-tektonica-2017-foi-um-verdadeiro-sucesso\/\" rel=\"bookmark\">A Tekt\u00f3nica 2017 foi um verdadeiro sucesso!<\/a><\/h2>\n                                <div class=\"nk-post-date\">\n                                    mayo 8, 2017                                 <\/div>\n\n                                <div class=\"nk-post-text\">\n                                    O FELIZ voltou a estar representado na\u00a0Tekt\u00f3nica, que se realizou de\u00a003 a 06 de Maio, na FIL - Parque das Na\u00e7\u00f5es, em Lisboa. A 19\u00aa Edi\u00e7\u00e3o da Feira Internacional de Constru\u00e7\u00e3o e Obras P\u00fablicas, reconhecida a n\u00edvel nacional e internacional, contou com mais 25% de expositores inscritos, relativamente ao per\u00edodo hom\u00f3logo. (m\u00e1s&hellip;)                                <\/div>\n                                                    <\/div>\n                    <\/div>\n                                        <div id=\"post-1486\" class=\"nk-isotope-item post-1486 post type-post status-publish format-standard has-post-thumbnail hentry\" data-filter=\"\">\n                        <div class=\"nk-blog-post\">\n                                                                                                <div class=\"nk-post-thumb\">\n                                        <a href=\"https:\/\/ofelizpainel.com\/es\/o-feliz-faz-a-sua-estreia-na-feira-sencon-2017-no-senegal\/\">\n                                            <img decoding=\"async\" src=\"https:\/\/ofelizpainel.com\/wp-content\/uploads\/2017\/06\/sencon-20171024x724px.jpg\" alt=\"O FELIZ faz a sua estreia na Feira SENCON 2017, no Senegal\" class=\"nk-img-stretch\">\n                                        <\/a>\n                                                                                    <div class=\"nk-post-category\">\n                                                <a href=\"\"><\/a>\n                                            <\/div>\n                                                                            <\/div>\n                                \n                                <h2 class=\"nk-post-title h4\"><a href=\"https:\/\/ofelizpainel.com\/es\/o-feliz-faz-a-sua-estreia-na-feira-sencon-2017-no-senegal\/\" rel=\"bookmark\">O FELIZ faz a sua estreia na Feira SENCON 2017, no Senegal<\/a><\/h2>\n                                <div class=\"nk-post-date\">\n                                    febrero 17, 2017                                 <\/div>\n\n                                <div class=\"nk-post-text\">\n                                    O FELIZ estar\u00e1 representado pela primeira vez na SENCON. Considerada uma das maiores feiras de constru\u00e7\u00e3o realizadas no continente africano, esta exposi\u00e7\u00e3o internacional de maquinaria e materiais de constru\u00e7\u00e3o, decorrer\u00e1 de 22 a 25 de Fevereiro no \u201cCentre International du Commerce Ext\u00e9rieur du S\u00e9n\u00e9gal\u201d em Dacar (m\u00e1s&hellip;)                                <\/div>\n                                                    <\/div>\n                    <\/div>\n                                        <div id=\"post-1495\" class=\"nk-isotope-item post-1495 post type-post status-publish format-standard has-post-thumbnail hentry\" data-filter=\"\">\n                        <div class=\"nk-blog-post\">\n                                                                                                <div class=\"nk-post-thumb\">\n                                        <a href=\"https:\/\/ofelizpainel.com\/es\/o-feliz-marca-presenca-no-forum-ue-cplp-2016\/\">\n                                            <img decoding=\"async\" src=\"https:\/\/ofelizpainel.com\/wp-content\/uploads\/2017\/06\/forum-ue-cplp-20161024x724px.jpg\" alt=\"O FELIZ marca presen\u00e7a no F\u00f3rum UE-CPLP 2016\" class=\"nk-img-stretch\">\n                                        <\/a>\n                                                                                    <div class=\"nk-post-category\">\n                                                <a href=\"\"><\/a>\n                                            <\/div>\n                                                                            <\/div>\n                                \n                                <h2 class=\"nk-post-title h4\"><a href=\"https:\/\/ofelizpainel.com\/es\/o-feliz-marca-presenca-no-forum-ue-cplp-2016\/\" rel=\"bookmark\">O FELIZ marca presen\u00e7a no F\u00f3rum UE-CPLP 2016<\/a><\/h2>\n                                <div class=\"nk-post-date\">\n                                    diciembre 16, 2016                                 <\/div>\n\n                                <div class=\"nk-post-text\">\n                                    O FELIZ marca presen\u00e7a como Expositor no F\u00f3rum da UE-CPLP 2016 (Uni\u00e3o de Exportadores dos Pa\u00edses da CPLP), que come\u00e7a hoje (16 de Dezembro) e termina amanh\u00e3 (17 de Dezembro), no Europarque em Sta. Maria da Feira. (m\u00e1s&hellip;)                                <\/div>\n                                                    <\/div>\n                    <\/div>\n                                <\/div>\n\n                            <div class=\"nk-gap-4\"><\/div>\n                    <\/div>\n\n                    <div style=\"position: absolute; margin-top: -200px;\"\n                data-nk-infinite-scroll=\"true\"\n                data-id=\"1\"\n                data-next-page-url=\"\">\n            <\/div>\n        \n        [\/vc_column][\/vc_row]<\/p>\n<\/div>","protected":false},"excerpt":{"rendered":"<p>[vc_row][vc_column][\/vc_column][\/vc_row]<\/p>\n","protected":false},"author":1,"featured_media":0,"parent":0,"menu_order":0,"comment_status":"closed","ping_status":"closed","template":"","meta":{"footnotes":""},"class_list":["post-1423","page","type-page","status-publish","hentry"],"acf":[],"yoast_head":"<!-- This site is optimized with the Yoast SEO plugin v23.1 - https:\/\/yoast.com\/wordpress\/plugins\/seo\/ -->\n<title>Not\u00edcias &#8212; O FELIZ Painel<\/title>\n<meta name=\"robots\" content=\"index, follow, max-snippet:-1, max-image-preview:large, max-video-preview:-1\" \/>\n<link rel=\"canonical\" href=\"https:\/\/ofelizpainel.com\/es\/noticias-2\/\" \/>\n<meta property=\"og:locale\" content=\"es_ES\" \/>\n<meta property=\"og:type\" content=\"article\" \/>\n<meta property=\"og:title\" content=\"Not\u00edcias &#8212; O FELIZ Painel\" \/>\n<meta property=\"og:description\" content=\"[vc_row][vc_column][\/vc_column][\/vc_row]\" \/>\n<meta property=\"og:url\" content=\"https:\/\/ofelizpainel.com\/es\/noticias-2\/\" \/>\n<meta property=\"og:site_name\" content=\"O FELIZ Painel\" \/>\n<meta property=\"article:publisher\" content=\"https:\/\/www.facebook.com\/grupo.ofeliz\" \/>\n<meta property=\"article:modified_time\" content=\"2025-11-18T12:23:15+00:00\" \/>\n<meta name=\"twitter:card\" content=\"summary_large_image\" \/>\n<script type=\"application\/ld+json\" class=\"yoast-schema-graph\">{\"@context\":\"https:\/\/schema.org\",\"@graph\":[{\"@type\":\"WebPage\",\"@id\":\"https:\/\/ofelizpainel.com\/es\/noticias-2\/\",\"url\":\"https:\/\/ofelizpainel.com\/es\/noticias-2\/\",\"name\":\"Not\u00edcias &#8212; O FELIZ Painel\",\"isPartOf\":{\"@id\":\"https:\/\/ofelizpainel.com\/#website\"},\"datePublished\":\"2017-04-07T10:10:17+00:00\",\"dateModified\":\"2025-11-18T12:23:15+00:00\",\"breadcrumb\":{\"@id\":\"https:\/\/ofelizpainel.com\/es\/noticias-2\/#breadcrumb\"},\"inLanguage\":\"es-ES\",\"potentialAction\":[{\"@type\":\"ReadAction\",\"target\":[\"https:\/\/ofelizpainel.com\/es\/noticias-2\/\"]}]},{\"@type\":\"BreadcrumbList\",\"@id\":\"https:\/\/ofelizpainel.com\/es\/noticias-2\/#breadcrumb\",\"itemListElement\":[{\"@type\":\"ListItem\",\"position\":1,\"name\":\"In\u00edcio\",\"item\":\"https:\/\/ofelizpainel.com\/es\/\"},{\"@type\":\"ListItem\",\"position\":2,\"name\":\"Not\u00edcias\"}]},{\"@type\":\"WebSite\",\"@id\":\"https:\/\/ofelizpainel.com\/#website\",\"url\":\"https:\/\/ofelizpainel.com\/\",\"name\":\"O FELIZ Painel\",\"description\":\"Sistemas de Painel Isolante para Arquitetura, Constru\u00e7\u00e3o e C\u00e2maras de Frio\",\"potentialAction\":[{\"@type\":\"SearchAction\",\"target\":{\"@type\":\"EntryPoint\",\"urlTemplate\":\"https:\/\/ofelizpainel.com\/?s={search_term_string}\"},\"query-input\":\"required name=search_term_string\"}],\"inLanguage\":\"es-ES\"}]}<\/script>\n<!-- \/ Yoast SEO plugin. -->","yoast_head_json":{"title":"Not\u00edcias &#8212; O FELIZ Painel","robots":{"index":"index","follow":"follow","max-snippet":"max-snippet:-1","max-image-preview":"max-image-preview:large","max-video-preview":"max-video-preview:-1"},"canonical":"https:\/\/ofelizpainel.com\/es\/noticias-2\/","og_locale":"es_ES","og_type":"article","og_title":"Not\u00edcias &#8212; O FELIZ Painel","og_description":"[vc_row][vc_column][\/vc_column][\/vc_row]","og_url":"https:\/\/ofelizpainel.com\/es\/noticias-2\/","og_site_name":"O FELIZ Painel","article_publisher":"https:\/\/www.facebook.com\/grupo.ofeliz","article_modified_time":"2025-11-18T12:23:15+00:00","twitter_card":"summary_large_image","schema":{"@context":"https:\/\/schema.org","@graph":[{"@type":"WebPage","@id":"https:\/\/ofelizpainel.com\/es\/noticias-2\/","url":"https:\/\/ofelizpainel.com\/es\/noticias-2\/","name":"Not\u00edcias &#8212; O FELIZ Painel","isPartOf":{"@id":"https:\/\/ofelizpainel.com\/#website"},"datePublished":"2017-04-07T10:10:17+00:00","dateModified":"2025-11-18T12:23:15+00:00","breadcrumb":{"@id":"https:\/\/ofelizpainel.com\/es\/noticias-2\/#breadcrumb"},"inLanguage":"es-ES","potentialAction":[{"@type":"ReadAction","target":["https:\/\/ofelizpainel.com\/es\/noticias-2\/"]}]},{"@type":"BreadcrumbList","@id":"https:\/\/ofelizpainel.com\/es\/noticias-2\/#breadcrumb","itemListElement":[{"@type":"ListItem","position":1,"name":"In\u00edcio","item":"https:\/\/ofelizpainel.com\/es\/"},{"@type":"ListItem","position":2,"name":"Not\u00edcias"}]},{"@type":"WebSite","@id":"https:\/\/ofelizpainel.com\/#website","url":"https:\/\/ofelizpainel.com\/","name":"O FELIZ Painel","description":"Sistemas de Painel Isolante para Arquitetura, Constru\u00e7\u00e3o e C\u00e2maras de Frio","potentialAction":[{"@type":"SearchAction","target":{"@type":"EntryPoint","urlTemplate":"https:\/\/ofelizpainel.com\/?s={search_term_string}"},"query-input":"required name=search_term_string"}],"inLanguage":"es-ES"}]}},"_links":{"self":[{"href":"https:\/\/ofelizpainel.com\/es\/wp-json\/wp\/v2\/pages\/1423"}],"collection":[{"href":"https:\/\/ofelizpainel.com\/es\/wp-json\/wp\/v2\/pages"}],"about":[{"href":"https:\/\/ofelizpainel.com\/es\/wp-json\/wp\/v2\/types\/page"}],"author":[{"embeddable":true,"href":"https:\/\/ofelizpainel.com\/es\/wp-json\/wp\/v2\/users\/1"}],"replies":[{"embeddable":true,"href":"https:\/\/ofelizpainel.com\/es\/wp-json\/wp\/v2\/comments?post=1423"}],"version-history":[{"count":3,"href":"https:\/\/ofelizpainel.com\/es\/wp-json\/wp\/v2\/pages\/1423\/revisions"}],"predecessor-version":[{"id":7456,"href":"https:\/\/ofelizpainel.com\/es\/wp-json\/wp\/v2\/pages\/1423\/revisions\/7456"}],"wp:attachment":[{"href":"https:\/\/ofelizpainel.com\/es\/wp-json\/wp\/v2\/media?parent=1423"}],"curies":[{"name":"wp","href":"https:\/\/api.w.org\/{rel}","templated":true}]}}