{"id":1405,"date":"2017-04-07T10:07:55","date_gmt":"2017-04-07T10:07:55","guid":{"rendered":"http:\/\/ofelizpainel.com\/downloads\/"},"modified":"2026-03-06T15:37:39","modified_gmt":"2026-03-06T15:37:39","slug":"downloads","status":"publish","type":"page","link":"https:\/\/ofelizpainel.com\/es\/downloads\/","title":{"rendered":"Downloads"},"content":{"rendered":"<div class=\"wpb-content-wrapper\"><p>[vc_row full_height=&#8221;yes&#8221; equal_height=&#8221;yes&#8221; el_class=&#8221;oitentaheight&#8221;][vc_column width=&#8221;1\/4&#8243;][vc_empty_space height=&#8221;25px&#8221;][vc_single_image image=&#8221;5761&#8243; img_size=&#8221;medium&#8221; alignment=&#8221;center&#8221; onclick=&#8221;custom_link&#8221; css_animation=&#8221;none&#8221; css=&#8221;.vc_custom_1772811266778{margin-bottom: 25px !important;}&#8221; link=&#8221;http:\/\/ofelizpainel.com\/es\/downloads\/catalogos\/&#8221;][vc_empty_space height=&#8221;25px&#8221;][vc_row_inner][vc_column_inner][vc_column_text css=&#8221;&#8221;]<\/p>\n<h3 style=\"text-align: center; color: #171717; font-size: 22px;\">Cat\u00e1logos<\/h3>\n<p>[\/vc_column_text][\/vc_column_inner][\/vc_row_inner][vc_empty_space height=&#8221;50px&#8221;][vc_single_image image=&#8221;7774&#8243; img_size=&#8221;medium&#8221; alignment=&#8221;center&#8221; onclick=&#8221;custom_link&#8221; css_animation=&#8221;none&#8221; css=&#8221;.vc_custom_1772811295770{margin-bottom: 25px !important;}&#8221; link=&#8221;http:\/\/ofelizpainel.com\/es\/downloads\/certificaciones\/&#8221;][vc_empty_space height=&#8221;25px&#8221;][vc_row_inner][vc_column_inner][vc_column_text css=&#8221;&#8221;]<\/p>\n<h3 style=\"text-align: center; color: #171717; font-size: 22px;\">Certificaciones<\/h3>\n<p>[\/vc_column_text][\/vc_column_inner][\/vc_row_inner][vc_empty_space height=&#8221;50px&#8221;][\/vc_column][vc_column css_animation=&#8221;fadeIn&#8221; width=&#8221;1\/4&#8243;][vc_empty_space height=&#8221;25px&#8221;][vc_single_image image=&#8221;7744&#8243; img_size=&#8221;medium&#8221; alignment=&#8221;center&#8221; onclick=&#8221;custom_link&#8221; css_animation=&#8221;none&#8221; css=&#8221;.vc_custom_1772811274807{margin-bottom: 25px !important;}&#8221; link=&#8221;http:\/\/ofelizpainel.com\/es\/downloads\/notasinformativas\/&#8221;][vc_empty_space height=&#8221;25px&#8221;][vc_row_inner][vc_column_inner][vc_column_text css=&#8221;&#8221;]<\/p>\n<h3 style=\"text-align: center; color: #171717; font-size: 22px;\">Notas Informativas<\/h3>\n<p>[\/vc_column_text][\/vc_column_inner][\/vc_row_inner][vc_empty_space height=&#8221;50px&#8221;][vc_single_image image=&#8221;7770&#8243; img_size=&#8221;medium&#8221; alignment=&#8221;center&#8221; onclick=&#8221;custom_link&#8221; css_animation=&#8221;none&#8221; css=&#8221;.vc_custom_1772811302349{margin-bottom: 25px !important;}&#8221; link=&#8221;http:\/\/ofelizpainel.com\/es\/downloads\/otros\/&#8221;][vc_empty_space height=&#8221;25px&#8221;][vc_row_inner][vc_column_inner][vc_column_text css=&#8221;&#8221;]<\/p>\n<h3 style=\"text-align: center; color: #171717; font-size: 22px;\">Otros<\/h3>\n<p>[\/vc_column_text][\/vc_column_inner][\/vc_row_inner][vc_empty_space height=&#8221;50px&#8221;][\/vc_column][vc_column width=&#8221;1\/4&#8243;][vc_empty_space height=&#8221;25px&#8221;][vc_single_image image=&#8221;7762&#8243; img_size=&#8221;medium&#8221; alignment=&#8221;center&#8221; onclick=&#8221;custom_link&#8221; css_animation=&#8221;none&#8221; css=&#8221;.vc_custom_1772811281651{margin-bottom: 25px !important;}&#8221; link=&#8221;http:\/\/ofelizpainel.com\/es\/downloads\/procedimientos\/&#8221;][vc_empty_space height=&#8221;25px&#8221;][vc_row_inner][vc_column_inner][vc_column_text css=&#8221;&#8221;]<\/p>\n<h3 style=\"text-align: center; color: #171717; font-size: 22px;\">Procedimientos<\/h3>\n<p>[\/vc_column_text][\/vc_column_inner][\/vc_row_inner][vc_empty_space height=&#8221;50px&#8221;][\/vc_column][vc_column width=&#8221;1\/4&#8243;][vc_empty_space height=&#8221;25px&#8221;][vc_single_image image=&#8221;7766&#8243; img_size=&#8221;medium&#8221; alignment=&#8221;center&#8221; onclick=&#8221;custom_link&#8221; css_animation=&#8221;none&#8221; css=&#8221;.vc_custom_1772811288549{margin-bottom: 25px !important;}&#8221; link=&#8221;http:\/\/ofelizpainel.com\/es\/downloads\/condicionesgenerales\/&#8221;][vc_empty_space height=&#8221;25px&#8221;][vc_row_inner][vc_column_inner][vc_column_text css=&#8221;&#8221;]<\/p>\n<h3 style=\"text-align: center; color: #171717; font-size: 22px;\">Condiciones Generales<\/h3>\n<p>[\/vc_column_text][\/vc_column_inner][\/vc_row_inner][vc_empty_space height=&#8221;25px&#8221;][\/vc_column][\/vc_row]<\/p>\n<\/div>","protected":false},"excerpt":{"rendered":"<p>[vc_row full_height=&#8221;yes&#8221; equal_height=&#8221;yes&#8221; el_class=&#8221;oitentaheight&#8221;][vc_column width=&#8221;1\/4&#8243;][vc_empty_space height=&#8221;25px&#8221;][vc_single_image image=&#8221;5761&#8243; img_size=&#8221;medium&#8221; alignment=&#8221;center&#8221; onclick=&#8221;custom_link&#8221; css_animation=&#8221;none&#8221; css=&#8221;.vc_custom_1772811266778{margin-bottom: 25px !important;}&#8221; link=&#8221;http:\/\/ofelizpainel.com\/es\/downloads\/catalogos\/&#8221;][vc_empty_space height=&#8221;25px&#8221;][vc_row_inner][vc_column_inner][vc_column_text css=&#8221;&#8221;] Cat\u00e1logos [\/vc_column_text][\/vc_column_inner][\/vc_row_inner][vc_empty_space height=&#8221;50px&#8221;][vc_single_image image=&#8221;7774&#8243; img_size=&#8221;medium&#8221; alignment=&#8221;center&#8221; onclick=&#8221;custom_link&#8221; css_animation=&#8221;none&#8221; css=&#8221;.vc_custom_1772811295770{margin-bottom: 25px !important;}&#8221; link=&#8221;http:\/\/ofelizpainel.com\/es\/downloads\/certificaciones\/&#8221;][vc_empty_space height=&#8221;25px&#8221;][vc_row_inner][vc_column_inner][vc_column_text css=&#8221;&#8221;] Certificaciones [\/vc_column_text][\/vc_column_inner][\/vc_row_inner][vc_empty_space height=&#8221;50px&#8221;][\/vc_column][vc_column css_animation=&#8221;fadeIn&#8221; width=&#8221;1\/4&#8243;][vc_empty_space height=&#8221;25px&#8221;][vc_single_image image=&#8221;7744&#8243; img_size=&#8221;medium&#8221; alignment=&#8221;center&#8221; onclick=&#8221;custom_link&#8221; css_animation=&#8221;none&#8221; css=&#8221;.vc_custom_1772811274807{margin-bottom: 25px !important;}&#8221; link=&#8221;http:\/\/ofelizpainel.com\/es\/downloads\/notasinformativas\/&#8221;][vc_empty_space height=&#8221;25px&#8221;][vc_row_inner][vc_column_inner][vc_column_text css=&#8221;&#8221;] Notas Informativas [\/vc_column_text][\/vc_column_inner][\/vc_row_inner][vc_empty_space height=&#8221;50px&#8221;][vc_single_image image=&#8221;7770&#8243; img_size=&#8221;medium&#8221; alignment=&#8221;center&#8221; [&hellip;]<\/p>\n","protected":false},"author":1,"featured_media":0,"parent":0,"menu_order":0,"comment_status":"closed","ping_status":"closed","template":"","meta":{"footnotes":""},"class_list":["post-1405","page","type-page","status-publish","hentry"],"acf":[],"yoast_head":"<!-- This site is optimized with the Yoast SEO plugin v23.1 - https:\/\/yoast.com\/wordpress\/plugins\/seo\/ -->\n<title>Downloads &#8212; O FELIZ Painel<\/title>\n<meta name=\"robots\" content=\"index, follow, max-snippet:-1, max-image-preview:large, max-video-preview:-1\" \/>\n<link rel=\"canonical\" href=\"https:\/\/ofelizpainel.com\/es\/downloads\/\" \/>\n<meta property=\"og:locale\" content=\"es_ES\" \/>\n<meta property=\"og:type\" content=\"article\" \/>\n<meta property=\"og:title\" content=\"Downloads &#8212; O FELIZ Painel\" \/>\n<meta property=\"og:description\" content=\"[vc_row full_height=&#8221;yes&#8221; equal_height=&#8221;yes&#8221; el_class=&#8221;oitentaheight&#8221;][vc_column width=&#8221;1\/4&#8243;][vc_empty_space height=&#8221;25px&#8221;][vc_single_image image=&#8221;5761&#8243; img_size=&#8221;medium&#8221; alignment=&#8221;center&#8221; onclick=&#8221;custom_link&#8221; css_animation=&#8221;none&#8221; css=&#8221;.vc_custom_1772811266778{margin-bottom: 25px !important;}&#8221; link=&#8221;http:\/\/ofelizpainel.com\/es\/downloads\/catalogos\/&#8221;][vc_empty_space height=&#8221;25px&#8221;][vc_row_inner][vc_column_inner][vc_column_text css=&#8221;&#8221;] Cat\u00e1logos [\/vc_column_text][\/vc_column_inner][\/vc_row_inner][vc_empty_space height=&#8221;50px&#8221;][vc_single_image image=&#8221;7774&#8243; img_size=&#8221;medium&#8221; alignment=&#8221;center&#8221; onclick=&#8221;custom_link&#8221; css_animation=&#8221;none&#8221; css=&#8221;.vc_custom_1772811295770{margin-bottom: 25px !important;}&#8221; link=&#8221;http:\/\/ofelizpainel.com\/es\/downloads\/certificaciones\/&#8221;][vc_empty_space height=&#8221;25px&#8221;][vc_row_inner][vc_column_inner][vc_column_text css=&#8221;&#8221;] Certificaciones [\/vc_column_text][\/vc_column_inner][\/vc_row_inner][vc_empty_space height=&#8221;50px&#8221;][\/vc_column][vc_column css_animation=&#8221;fadeIn&#8221; width=&#8221;1\/4&#8243;][vc_empty_space height=&#8221;25px&#8221;][vc_single_image image=&#8221;7744&#8243; img_size=&#8221;medium&#8221; alignment=&#8221;center&#8221; onclick=&#8221;custom_link&#8221; css_animation=&#8221;none&#8221; css=&#8221;.vc_custom_1772811274807{margin-bottom: 25px !important;}&#8221; link=&#8221;http:\/\/ofelizpainel.com\/es\/downloads\/notasinformativas\/&#8221;][vc_empty_space height=&#8221;25px&#8221;][vc_row_inner][vc_column_inner][vc_column_text css=&#8221;&#8221;] Notas Informativas [\/vc_column_text][\/vc_column_inner][\/vc_row_inner][vc_empty_space height=&#8221;50px&#8221;][vc_single_image image=&#8221;7770&#8243; img_size=&#8221;medium&#8221; alignment=&#8221;center&#8221; [&hellip;]\" \/>\n<meta property=\"og:url\" content=\"https:\/\/ofelizpainel.com\/es\/downloads\/\" \/>\n<meta property=\"og:site_name\" content=\"O FELIZ Painel\" \/>\n<meta property=\"article:publisher\" content=\"https:\/\/www.facebook.com\/grupo.ofeliz\" \/>\n<meta property=\"article:modified_time\" content=\"2026-03-06T15:37:39+00:00\" \/>\n<meta name=\"twitter:card\" content=\"summary_large_image\" \/>\n<meta name=\"twitter:label1\" content=\"Tiempo de lectura\" \/>\n\t<meta name=\"twitter:data1\" content=\"2 minutos\" \/>\n<script type=\"application\/ld+json\" class=\"yoast-schema-graph\">{\"@context\":\"https:\/\/schema.org\",\"@graph\":[{\"@type\":\"WebPage\",\"@id\":\"https:\/\/ofelizpainel.com\/es\/downloads\/\",\"url\":\"https:\/\/ofelizpainel.com\/es\/downloads\/\",\"name\":\"Downloads &#8212; O FELIZ Painel\",\"isPartOf\":{\"@id\":\"https:\/\/ofelizpainel.com\/#website\"},\"datePublished\":\"2017-04-07T10:07:55+00:00\",\"dateModified\":\"2026-03-06T15:37:39+00:00\",\"breadcrumb\":{\"@id\":\"https:\/\/ofelizpainel.com\/es\/downloads\/#breadcrumb\"},\"inLanguage\":\"es-ES\",\"potentialAction\":[{\"@type\":\"ReadAction\",\"target\":[\"https:\/\/ofelizpainel.com\/es\/downloads\/\"]}]},{\"@type\":\"BreadcrumbList\",\"@id\":\"https:\/\/ofelizpainel.com\/es\/downloads\/#breadcrumb\",\"itemListElement\":[{\"@type\":\"ListItem\",\"position\":1,\"name\":\"In\u00edcio\",\"item\":\"https:\/\/ofelizpainel.com\/es\/\"},{\"@type\":\"ListItem\",\"position\":2,\"name\":\"Downloads\"}]},{\"@type\":\"WebSite\",\"@id\":\"https:\/\/ofelizpainel.com\/#website\",\"url\":\"https:\/\/ofelizpainel.com\/\",\"name\":\"O FELIZ Painel\",\"description\":\"Sistemas de Painel Isolante para Arquitetura, Constru\u00e7\u00e3o e C\u00e2maras de Frio\",\"potentialAction\":[{\"@type\":\"SearchAction\",\"target\":{\"@type\":\"EntryPoint\",\"urlTemplate\":\"https:\/\/ofelizpainel.com\/?s={search_term_string}\"},\"query-input\":\"required name=search_term_string\"}],\"inLanguage\":\"es-ES\"}]}<\/script>\n<!-- \/ Yoast SEO plugin. -->","yoast_head_json":{"title":"Downloads &#8212; O FELIZ Painel","robots":{"index":"index","follow":"follow","max-snippet":"max-snippet:-1","max-image-preview":"max-image-preview:large","max-video-preview":"max-video-preview:-1"},"canonical":"https:\/\/ofelizpainel.com\/es\/downloads\/","og_locale":"es_ES","og_type":"article","og_title":"Downloads &#8212; O FELIZ Painel","og_description":"[vc_row full_height=&#8221;yes&#8221; equal_height=&#8221;yes&#8221; el_class=&#8221;oitentaheight&#8221;][vc_column width=&#8221;1\/4&#8243;][vc_empty_space height=&#8221;25px&#8221;][vc_single_image image=&#8221;5761&#8243; img_size=&#8221;medium&#8221; alignment=&#8221;center&#8221; onclick=&#8221;custom_link&#8221; css_animation=&#8221;none&#8221; css=&#8221;.vc_custom_1772811266778{margin-bottom: 25px !important;}&#8221; link=&#8221;http:\/\/ofelizpainel.com\/es\/downloads\/catalogos\/&#8221;][vc_empty_space height=&#8221;25px&#8221;][vc_row_inner][vc_column_inner][vc_column_text css=&#8221;&#8221;] Cat\u00e1logos [\/vc_column_text][\/vc_column_inner][\/vc_row_inner][vc_empty_space height=&#8221;50px&#8221;][vc_single_image image=&#8221;7774&#8243; img_size=&#8221;medium&#8221; alignment=&#8221;center&#8221; onclick=&#8221;custom_link&#8221; css_animation=&#8221;none&#8221; css=&#8221;.vc_custom_1772811295770{margin-bottom: 25px !important;}&#8221; link=&#8221;http:\/\/ofelizpainel.com\/es\/downloads\/certificaciones\/&#8221;][vc_empty_space height=&#8221;25px&#8221;][vc_row_inner][vc_column_inner][vc_column_text css=&#8221;&#8221;] Certificaciones [\/vc_column_text][\/vc_column_inner][\/vc_row_inner][vc_empty_space height=&#8221;50px&#8221;][\/vc_column][vc_column css_animation=&#8221;fadeIn&#8221; width=&#8221;1\/4&#8243;][vc_empty_space height=&#8221;25px&#8221;][vc_single_image image=&#8221;7744&#8243; img_size=&#8221;medium&#8221; alignment=&#8221;center&#8221; onclick=&#8221;custom_link&#8221; css_animation=&#8221;none&#8221; css=&#8221;.vc_custom_1772811274807{margin-bottom: 25px !important;}&#8221; link=&#8221;http:\/\/ofelizpainel.com\/es\/downloads\/notasinformativas\/&#8221;][vc_empty_space height=&#8221;25px&#8221;][vc_row_inner][vc_column_inner][vc_column_text css=&#8221;&#8221;] Notas Informativas [\/vc_column_text][\/vc_column_inner][\/vc_row_inner][vc_empty_space height=&#8221;50px&#8221;][vc_single_image image=&#8221;7770&#8243; img_size=&#8221;medium&#8221; alignment=&#8221;center&#8221; [&hellip;]","og_url":"https:\/\/ofelizpainel.com\/es\/downloads\/","og_site_name":"O FELIZ Painel","article_publisher":"https:\/\/www.facebook.com\/grupo.ofeliz","article_modified_time":"2026-03-06T15:37:39+00:00","twitter_card":"summary_large_image","twitter_misc":{"Tiempo de lectura":"2 minutos"},"schema":{"@context":"https:\/\/schema.org","@graph":[{"@type":"WebPage","@id":"https:\/\/ofelizpainel.com\/es\/downloads\/","url":"https:\/\/ofelizpainel.com\/es\/downloads\/","name":"Downloads &#8212; O FELIZ Painel","isPartOf":{"@id":"https:\/\/ofelizpainel.com\/#website"},"datePublished":"2017-04-07T10:07:55+00:00","dateModified":"2026-03-06T15:37:39+00:00","breadcrumb":{"@id":"https:\/\/ofelizpainel.com\/es\/downloads\/#breadcrumb"},"inLanguage":"es-ES","potentialAction":[{"@type":"ReadAction","target":["https:\/\/ofelizpainel.com\/es\/downloads\/"]}]},{"@type":"BreadcrumbList","@id":"https:\/\/ofelizpainel.com\/es\/downloads\/#breadcrumb","itemListElement":[{"@type":"ListItem","position":1,"name":"In\u00edcio","item":"https:\/\/ofelizpainel.com\/es\/"},{"@type":"ListItem","position":2,"name":"Downloads"}]},{"@type":"WebSite","@id":"https:\/\/ofelizpainel.com\/#website","url":"https:\/\/ofelizpainel.com\/","name":"O FELIZ Painel","description":"Sistemas de Painel Isolante para Arquitetura, Constru\u00e7\u00e3o e C\u00e2maras de Frio","potentialAction":[{"@type":"SearchAction","target":{"@type":"EntryPoint","urlTemplate":"https:\/\/ofelizpainel.com\/?s={search_term_string}"},"query-input":"required name=search_term_string"}],"inLanguage":"es-ES"}]}},"_links":{"self":[{"href":"https:\/\/ofelizpainel.com\/es\/wp-json\/wp\/v2\/pages\/1405"}],"collection":[{"href":"https:\/\/ofelizpainel.com\/es\/wp-json\/wp\/v2\/pages"}],"about":[{"href":"https:\/\/ofelizpainel.com\/es\/wp-json\/wp\/v2\/types\/page"}],"author":[{"embeddable":true,"href":"https:\/\/ofelizpainel.com\/es\/wp-json\/wp\/v2\/users\/1"}],"replies":[{"embeddable":true,"href":"https:\/\/ofelizpainel.com\/es\/wp-json\/wp\/v2\/comments?post=1405"}],"version-history":[{"count":26,"href":"https:\/\/ofelizpainel.com\/es\/wp-json\/wp\/v2\/pages\/1405\/revisions"}],"predecessor-version":[{"id":8019,"href":"https:\/\/ofelizpainel.com\/es\/wp-json\/wp\/v2\/pages\/1405\/revisions\/8019"}],"wp:attachment":[{"href":"https:\/\/ofelizpainel.com\/es\/wp-json\/wp\/v2\/media?parent=1405"}],"curies":[{"name":"wp","href":"https:\/\/api.w.org\/{rel}","templated":true}]}}