{"id":4998,"date":"2017-04-07T10:07:55","date_gmt":"2017-04-07T10:07:55","guid":{"rendered":"https:\/\/ofelizpainel.com\/downloads\/"},"modified":"2026-03-06T15:54:05","modified_gmt":"2026-03-06T15:54:05","slug":"downloads","status":"publish","type":"page","link":"https:\/\/ofelizpainel.com\/en\/downloads\/","title":{"rendered":"Downloads"},"content":{"rendered":"<div class=\"wpb-content-wrapper\"><p>[vc_row full_height=&#8221;yes&#8221; equal_height=&#8221;yes&#8221; el_class=&#8221;oitentaheight&#8221;][vc_column width=&#8221;1\/4&#8243;][vc_single_image image=&#8221;5767&#8243; img_size=&#8221;medium&#8221; alignment=&#8221;center&#8221; onclick=&#8221;custom_link&#8221; css_animation=&#8221;none&#8221; css=&#8221;.vc_custom_1772810306478{margin-bottom: 25px !important;}&#8221; link=&#8221;https:\/\/ofelizpainel.com\/en\/downloads\/catalogues&#8221;][vc_empty_space height=&#8221;25px&#8221;][vc_column_text css=&#8221;&#8221;]<\/p>\n<h3 style=\"text-align: center; color: #171717; font-size: 22px;\">Catalogues<\/h3>\n<p>[\/vc_column_text][vc_row_inner][vc_column_inner][\/vc_column_inner][\/vc_row_inner][vc_empty_space height=&#8221;50px&#8221;][vc_single_image image=&#8221;7771&#8243; img_size=&#8221;medium&#8221; alignment=&#8221;center&#8221; onclick=&#8221;custom_link&#8221; css_animation=&#8221;none&#8221; css=&#8221;.vc_custom_1772810340422{margin-bottom: 25px !important;}&#8221; link=&#8221;https:\/\/ofelizpainel.com\/en\/downloads\/certifications&#8221;][vc_empty_space height=&#8221;25px&#8221;][vc_column_text css=&#8221;&#8221;]<\/p>\n<h3 style=\"text-align: center; color: #171717; font-size: 22px;\">Certifications<\/h3>\n<p>[\/vc_column_text][vc_row_inner][vc_column_inner][\/vc_column_inner][\/vc_row_inner][vc_empty_space height=&#8221;50px&#8221;][\/vc_column][vc_column css_animation=&#8221;fadeIn&#8221; width=&#8221;1\/4&#8243;][vc_single_image image=&#8221;7741&#8243; img_size=&#8221;medium&#8221; alignment=&#8221;center&#8221; onclick=&#8221;custom_link&#8221; css_animation=&#8221;none&#8221; css=&#8221;.vc_custom_1772810312357{margin-bottom: 25px !important;}&#8221; link=&#8221;https:\/\/ofelizpainel.com\/en\/downloads\/informationnotes&#8221;][vc_empty_space height=&#8221;25px&#8221;][vc_column_text css=&#8221;&#8221;]<\/p>\n<h3 style=\"text-align: center; color: #171717; font-size: 22px;\">Information Notes<\/h3>\n<p>[\/vc_column_text][vc_row_inner][vc_column_inner][\/vc_column_inner][\/vc_row_inner][vc_empty_space height=&#8221;50px&#8221;][vc_single_image image=&#8221;7767&#8243; img_size=&#8221;medium&#8221; alignment=&#8221;center&#8221; onclick=&#8221;custom_link&#8221; css_animation=&#8221;none&#8221; css=&#8221;.vc_custom_1772810333717{margin-bottom: 25px !important;}&#8221; link=&#8221;https:\/\/ofelizpainel.com\/en\/downloads\/others&#8221;][vc_empty_space height=&#8221;25px&#8221;][vc_column_text css=&#8221;&#8221;]<\/p>\n<h3 style=\"text-align: center; color: #171717; font-size: 22px;\">Others<\/h3>\n<p>[\/vc_column_text][vc_row_inner][vc_column_inner][\/vc_column_inner][\/vc_row_inner][vc_empty_space height=&#8221;50px&#8221;][\/vc_column][vc_column width=&#8221;1\/4&#8243;][vc_single_image image=&#8221;7759&#8243; img_size=&#8221;medium&#8221; alignment=&#8221;center&#8221; onclick=&#8221;custom_link&#8221; css_animation=&#8221;none&#8221; css=&#8221;.vc_custom_1772810318508{margin-bottom: 25px !important;}&#8221; link=&#8221;https:\/\/ofelizpainel.com\/en\/downloads\/procedures&#8221;][vc_empty_space height=&#8221;25px&#8221;][vc_column_text css=&#8221;&#8221;]<\/p>\n<h3 style=\"text-align: center; color: #171717; font-size: 22px;\">Procedures<\/h3>\n<p>[\/vc_column_text][vc_row_inner][vc_column_inner][\/vc_column_inner][\/vc_row_inner][vc_empty_space height=&#8221;50px&#8221;][\/vc_column][vc_column width=&#8221;1\/4&#8243;][vc_single_image image=&#8221;7764&#8243; img_size=&#8221;medium&#8221; alignment=&#8221;center&#8221; onclick=&#8221;custom_link&#8221; css_animation=&#8221;none&#8221; css=&#8221;.vc_custom_1772812438965{margin-bottom: 25px !important;}&#8221; link=&#8221;https:\/\/ofelizpainel.com\/en\/downloads\/generalconditions&#8221;][vc_empty_space height=&#8221;25px&#8221;][vc_column_text css=&#8221;&#8221;]<\/p>\n<h3 style=\"text-align: center; color: #171717; font-size: 22px;\">General Conditions<\/h3>\n<p>[\/vc_column_text][vc_row_inner][vc_column_inner][\/vc_column_inner][\/vc_row_inner][vc_empty_space height=&#8221;50px&#8221;][\/vc_column][\/vc_row]<\/p>\n<\/div>","protected":false},"excerpt":{"rendered":"<p>[vc_row full_height=&#8221;yes&#8221; equal_height=&#8221;yes&#8221; el_class=&#8221;oitentaheight&#8221;][vc_column width=&#8221;1\/4&#8243;][vc_single_image image=&#8221;5767&#8243; img_size=&#8221;medium&#8221; alignment=&#8221;center&#8221; onclick=&#8221;custom_link&#8221; css_animation=&#8221;none&#8221; css=&#8221;.vc_custom_1772810306478{margin-bottom: 25px !important;}&#8221; link=&#8221;https:\/\/ofelizpainel.com\/en\/downloads\/catalogues&#8221;][vc_empty_space height=&#8221;25px&#8221;][vc_column_text css=&#8221;&#8221;] Catalogues [\/vc_column_text][vc_row_inner][vc_column_inner][\/vc_column_inner][\/vc_row_inner][vc_empty_space height=&#8221;50px&#8221;][vc_single_image image=&#8221;7771&#8243; img_size=&#8221;medium&#8221; alignment=&#8221;center&#8221; onclick=&#8221;custom_link&#8221; css_animation=&#8221;none&#8221; css=&#8221;.vc_custom_1772810340422{margin-bottom: 25px !important;}&#8221; link=&#8221;https:\/\/ofelizpainel.com\/en\/downloads\/certifications&#8221;][vc_empty_space height=&#8221;25px&#8221;][vc_column_text css=&#8221;&#8221;] Certifications [\/vc_column_text][vc_row_inner][vc_column_inner][\/vc_column_inner][\/vc_row_inner][vc_empty_space height=&#8221;50px&#8221;][\/vc_column][vc_column css_animation=&#8221;fadeIn&#8221; width=&#8221;1\/4&#8243;][vc_single_image image=&#8221;7741&#8243; img_size=&#8221;medium&#8221; alignment=&#8221;center&#8221; onclick=&#8221;custom_link&#8221; css_animation=&#8221;none&#8221; css=&#8221;.vc_custom_1772810312357{margin-bottom: 25px !important;}&#8221; link=&#8221;https:\/\/ofelizpainel.com\/en\/downloads\/informationnotes&#8221;][vc_empty_space height=&#8221;25px&#8221;][vc_column_text css=&#8221;&#8221;] Information Notes [\/vc_column_text][vc_row_inner][vc_column_inner][\/vc_column_inner][\/vc_row_inner][vc_empty_space height=&#8221;50px&#8221;][vc_single_image image=&#8221;7767&#8243; img_size=&#8221;medium&#8221; alignment=&#8221;center&#8221; onclick=&#8221;custom_link&#8221; css_animation=&#8221;none&#8221; [&hellip;]<\/p>\n","protected":false},"author":1,"featured_media":0,"parent":0,"menu_order":0,"comment_status":"closed","ping_status":"closed","template":"","meta":{"footnotes":""},"class_list":["post-4998","page","type-page","status-publish","hentry"],"acf":[],"yoast_head":"<!-- This site is optimized with the Yoast SEO plugin v23.1 - https:\/\/yoast.com\/wordpress\/plugins\/seo\/ -->\n<title>Downloads &#8212; O FELIZ Painel<\/title>\n<meta name=\"robots\" content=\"index, follow, max-snippet:-1, max-image-preview:large, max-video-preview:-1\" \/>\n<link rel=\"canonical\" href=\"https:\/\/ofelizpainel.com\/en\/downloads\/\" \/>\n<meta property=\"og:locale\" content=\"en_US\" \/>\n<meta property=\"og:type\" content=\"article\" \/>\n<meta property=\"og:title\" content=\"Downloads &#8212; O FELIZ Painel\" \/>\n<meta property=\"og:description\" content=\"[vc_row full_height=&#8221;yes&#8221; equal_height=&#8221;yes&#8221; el_class=&#8221;oitentaheight&#8221;][vc_column width=&#8221;1\/4&#8243;][vc_single_image image=&#8221;5767&#8243; img_size=&#8221;medium&#8221; alignment=&#8221;center&#8221; onclick=&#8221;custom_link&#8221; css_animation=&#8221;none&#8221; css=&#8221;.vc_custom_1772810306478{margin-bottom: 25px !important;}&#8221; link=&#8221;https:\/\/ofelizpainel.com\/en\/downloads\/catalogues&#8221;][vc_empty_space height=&#8221;25px&#8221;][vc_column_text css=&#8221;&#8221;] Catalogues [\/vc_column_text][vc_row_inner][vc_column_inner][\/vc_column_inner][\/vc_row_inner][vc_empty_space height=&#8221;50px&#8221;][vc_single_image image=&#8221;7771&#8243; img_size=&#8221;medium&#8221; alignment=&#8221;center&#8221; onclick=&#8221;custom_link&#8221; css_animation=&#8221;none&#8221; css=&#8221;.vc_custom_1772810340422{margin-bottom: 25px !important;}&#8221; link=&#8221;https:\/\/ofelizpainel.com\/en\/downloads\/certifications&#8221;][vc_empty_space height=&#8221;25px&#8221;][vc_column_text css=&#8221;&#8221;] Certifications [\/vc_column_text][vc_row_inner][vc_column_inner][\/vc_column_inner][\/vc_row_inner][vc_empty_space height=&#8221;50px&#8221;][\/vc_column][vc_column css_animation=&#8221;fadeIn&#8221; width=&#8221;1\/4&#8243;][vc_single_image image=&#8221;7741&#8243; img_size=&#8221;medium&#8221; alignment=&#8221;center&#8221; onclick=&#8221;custom_link&#8221; css_animation=&#8221;none&#8221; css=&#8221;.vc_custom_1772810312357{margin-bottom: 25px !important;}&#8221; link=&#8221;https:\/\/ofelizpainel.com\/en\/downloads\/informationnotes&#8221;][vc_empty_space height=&#8221;25px&#8221;][vc_column_text css=&#8221;&#8221;] Information Notes [\/vc_column_text][vc_row_inner][vc_column_inner][\/vc_column_inner][\/vc_row_inner][vc_empty_space height=&#8221;50px&#8221;][vc_single_image image=&#8221;7767&#8243; img_size=&#8221;medium&#8221; alignment=&#8221;center&#8221; onclick=&#8221;custom_link&#8221; css_animation=&#8221;none&#8221; [&hellip;]\" \/>\n<meta property=\"og:url\" content=\"https:\/\/ofelizpainel.com\/en\/downloads\/\" \/>\n<meta property=\"og:site_name\" content=\"O FELIZ Painel\" \/>\n<meta property=\"article:publisher\" content=\"https:\/\/www.facebook.com\/grupo.ofeliz\" \/>\n<meta property=\"article:modified_time\" content=\"2026-03-06T15:54:05+00:00\" \/>\n<meta name=\"twitter:card\" content=\"summary_large_image\" \/>\n<meta name=\"twitter:label1\" content=\"Est. reading time\" \/>\n\t<meta name=\"twitter:data1\" content=\"1 minute\" \/>\n<script type=\"application\/ld+json\" class=\"yoast-schema-graph\">{\"@context\":\"https:\/\/schema.org\",\"@graph\":[{\"@type\":\"WebPage\",\"@id\":\"https:\/\/ofelizpainel.com\/en\/downloads\/\",\"url\":\"https:\/\/ofelizpainel.com\/en\/downloads\/\",\"name\":\"Downloads &#8212; O FELIZ Painel\",\"isPartOf\":{\"@id\":\"https:\/\/ofelizpainel.com\/#website\"},\"datePublished\":\"2017-04-07T10:07:55+00:00\",\"dateModified\":\"2026-03-06T15:54:05+00:00\",\"breadcrumb\":{\"@id\":\"https:\/\/ofelizpainel.com\/en\/downloads\/#breadcrumb\"},\"inLanguage\":\"en-US\",\"potentialAction\":[{\"@type\":\"ReadAction\",\"target\":[\"https:\/\/ofelizpainel.com\/en\/downloads\/\"]}]},{\"@type\":\"BreadcrumbList\",\"@id\":\"https:\/\/ofelizpainel.com\/en\/downloads\/#breadcrumb\",\"itemListElement\":[{\"@type\":\"ListItem\",\"position\":1,\"name\":\"In\u00edcio\",\"item\":\"https:\/\/ofelizpainel.com\/en\/home-2\/\"},{\"@type\":\"ListItem\",\"position\":2,\"name\":\"Downloads\"}]},{\"@type\":\"WebSite\",\"@id\":\"https:\/\/ofelizpainel.com\/#website\",\"url\":\"https:\/\/ofelizpainel.com\/\",\"name\":\"O FELIZ Painel\",\"description\":\"Sistemas de Painel Isolante para Arquitetura, Constru\u00e7\u00e3o e C\u00e2maras de Frio\",\"potentialAction\":[{\"@type\":\"SearchAction\",\"target\":{\"@type\":\"EntryPoint\",\"urlTemplate\":\"https:\/\/ofelizpainel.com\/?s={search_term_string}\"},\"query-input\":\"required name=search_term_string\"}],\"inLanguage\":\"en-US\"}]}<\/script>\n<!-- \/ Yoast SEO plugin. -->","yoast_head_json":{"title":"Downloads &#8212; O FELIZ Painel","robots":{"index":"index","follow":"follow","max-snippet":"max-snippet:-1","max-image-preview":"max-image-preview:large","max-video-preview":"max-video-preview:-1"},"canonical":"https:\/\/ofelizpainel.com\/en\/downloads\/","og_locale":"en_US","og_type":"article","og_title":"Downloads &#8212; O FELIZ Painel","og_description":"[vc_row full_height=&#8221;yes&#8221; equal_height=&#8221;yes&#8221; el_class=&#8221;oitentaheight&#8221;][vc_column width=&#8221;1\/4&#8243;][vc_single_image image=&#8221;5767&#8243; img_size=&#8221;medium&#8221; alignment=&#8221;center&#8221; onclick=&#8221;custom_link&#8221; css_animation=&#8221;none&#8221; css=&#8221;.vc_custom_1772810306478{margin-bottom: 25px !important;}&#8221; link=&#8221;https:\/\/ofelizpainel.com\/en\/downloads\/catalogues&#8221;][vc_empty_space height=&#8221;25px&#8221;][vc_column_text css=&#8221;&#8221;] Catalogues [\/vc_column_text][vc_row_inner][vc_column_inner][\/vc_column_inner][\/vc_row_inner][vc_empty_space height=&#8221;50px&#8221;][vc_single_image image=&#8221;7771&#8243; img_size=&#8221;medium&#8221; alignment=&#8221;center&#8221; onclick=&#8221;custom_link&#8221; css_animation=&#8221;none&#8221; css=&#8221;.vc_custom_1772810340422{margin-bottom: 25px !important;}&#8221; link=&#8221;https:\/\/ofelizpainel.com\/en\/downloads\/certifications&#8221;][vc_empty_space height=&#8221;25px&#8221;][vc_column_text css=&#8221;&#8221;] Certifications [\/vc_column_text][vc_row_inner][vc_column_inner][\/vc_column_inner][\/vc_row_inner][vc_empty_space height=&#8221;50px&#8221;][\/vc_column][vc_column css_animation=&#8221;fadeIn&#8221; width=&#8221;1\/4&#8243;][vc_single_image image=&#8221;7741&#8243; img_size=&#8221;medium&#8221; alignment=&#8221;center&#8221; onclick=&#8221;custom_link&#8221; css_animation=&#8221;none&#8221; css=&#8221;.vc_custom_1772810312357{margin-bottom: 25px !important;}&#8221; link=&#8221;https:\/\/ofelizpainel.com\/en\/downloads\/informationnotes&#8221;][vc_empty_space height=&#8221;25px&#8221;][vc_column_text css=&#8221;&#8221;] Information Notes [\/vc_column_text][vc_row_inner][vc_column_inner][\/vc_column_inner][\/vc_row_inner][vc_empty_space height=&#8221;50px&#8221;][vc_single_image image=&#8221;7767&#8243; img_size=&#8221;medium&#8221; alignment=&#8221;center&#8221; onclick=&#8221;custom_link&#8221; css_animation=&#8221;none&#8221; [&hellip;]","og_url":"https:\/\/ofelizpainel.com\/en\/downloads\/","og_site_name":"O FELIZ Painel","article_publisher":"https:\/\/www.facebook.com\/grupo.ofeliz","article_modified_time":"2026-03-06T15:54:05+00:00","twitter_card":"summary_large_image","twitter_misc":{"Est. reading time":"1 minute"},"schema":{"@context":"https:\/\/schema.org","@graph":[{"@type":"WebPage","@id":"https:\/\/ofelizpainel.com\/en\/downloads\/","url":"https:\/\/ofelizpainel.com\/en\/downloads\/","name":"Downloads &#8212; O FELIZ Painel","isPartOf":{"@id":"https:\/\/ofelizpainel.com\/#website"},"datePublished":"2017-04-07T10:07:55+00:00","dateModified":"2026-03-06T15:54:05+00:00","breadcrumb":{"@id":"https:\/\/ofelizpainel.com\/en\/downloads\/#breadcrumb"},"inLanguage":"en-US","potentialAction":[{"@type":"ReadAction","target":["https:\/\/ofelizpainel.com\/en\/downloads\/"]}]},{"@type":"BreadcrumbList","@id":"https:\/\/ofelizpainel.com\/en\/downloads\/#breadcrumb","itemListElement":[{"@type":"ListItem","position":1,"name":"In\u00edcio","item":"https:\/\/ofelizpainel.com\/en\/home-2\/"},{"@type":"ListItem","position":2,"name":"Downloads"}]},{"@type":"WebSite","@id":"https:\/\/ofelizpainel.com\/#website","url":"https:\/\/ofelizpainel.com\/","name":"O FELIZ Painel","description":"Sistemas de Painel Isolante para Arquitetura, Constru\u00e7\u00e3o e C\u00e2maras de Frio","potentialAction":[{"@type":"SearchAction","target":{"@type":"EntryPoint","urlTemplate":"https:\/\/ofelizpainel.com\/?s={search_term_string}"},"query-input":"required name=search_term_string"}],"inLanguage":"en-US"}]}},"_links":{"self":[{"href":"https:\/\/ofelizpainel.com\/en\/wp-json\/wp\/v2\/pages\/4998"}],"collection":[{"href":"https:\/\/ofelizpainel.com\/en\/wp-json\/wp\/v2\/pages"}],"about":[{"href":"https:\/\/ofelizpainel.com\/en\/wp-json\/wp\/v2\/types\/page"}],"author":[{"embeddable":true,"href":"https:\/\/ofelizpainel.com\/en\/wp-json\/wp\/v2\/users\/1"}],"replies":[{"embeddable":true,"href":"https:\/\/ofelizpainel.com\/en\/wp-json\/wp\/v2\/comments?post=4998"}],"version-history":[{"count":85,"href":"https:\/\/ofelizpainel.com\/en\/wp-json\/wp\/v2\/pages\/4998\/revisions"}],"predecessor-version":[{"id":5831,"href":"https:\/\/ofelizpainel.com\/en\/wp-json\/wp\/v2\/pages\/4998\/revisions\/5831"}],"wp:attachment":[{"href":"https:\/\/ofelizpainel.com\/en\/wp-json\/wp\/v2\/media?parent=4998"}],"curies":[{"name":"wp","href":"https:\/\/api.w.org\/{rel}","templated":true}]}}