{"id":1419,"date":"2017-04-07T10:10:17","date_gmt":"2017-04-07T10:10:17","guid":{"rendered":"http:\/\/ofelizpainel.com\/noticias\/"},"modified":"2025-11-18T12:23:15","modified_gmt":"2025-11-18T12:23:15","slug":"noticias","status":"publish","type":"page","link":"https:\/\/ofelizpainel.com\/en\/noticias\/","title":{"rendered":"Not\u00edcias"},"content":{"rendered":"<div class=\"wpb-content-wrapper\"><p>[vc_row][vc_column]\n        <div>\n            \n                <div class=\"nk-pagination nk-pagination-nobg nk-pagination-center nk-isotope-filter-active\">\n                    <a href=\"#nk-toggle-filter\"><span class=\"nk-icon-squares\"><\/span><\/a>\n                <\/div>\n                <ul class=\"nk-isotope-filter nk-isotope-filter-active\">\n                    <li class=\"active\" data-filter=\"*\">All<\/li>\n                    <li data-filter=\"feiras-en\" data-term-id=\"1038\">Shows<\/li> <li data-filter=\"uncategorized\" data-term-id=\"2\">Uncategorized<\/li> \n                <\/ul>\n                        <div class=\"nk-blog-list  nk-isotope nk-isotope-2-cols nk-blog-isotope nk-isotope-gap nk-infinite-scroll-container \">                     <div id=\"post-4585\" class=\"nk-isotope-item post-4585 post type-post status-publish format-standard has-post-thumbnail hentry category-feiras-en category-uncategorized\" data-filter=\"feiras-en,uncategorized\">\n                        <div class=\"nk-blog-post\">\n                                                                                                <div class=\"nk-post-thumb\">\n                                        <a href=\"https:\/\/ofelizpainel.com\/en\/feliz-at-batimat-2019\/\">\n                                            <img decoding=\"async\" src=\"https:\/\/ofelizpainel.com\/wp-content\/uploads\/2019\/10\/Batimat-2019.jpg\" alt=\"O FELIZ at BATIMAT 2019\" class=\"nk-img-stretch\">\n                                        <\/a>\n                                                                                    <div class=\"nk-post-category\">\n                                                <a href=\"https:\/\/ofelizpainel.com\/en\/category\/feiras-en\/\">Shows<\/a>\n                                            <\/div>\n                                                                            <\/div>\n                                \n                                <h2 class=\"nk-post-title h4\"><a href=\"https:\/\/ofelizpainel.com\/en\/feliz-at-batimat-2019\/\" rel=\"bookmark\">O FELIZ at BATIMAT 2019<\/a><\/h2>\n                                <div class=\"nk-post-date\">\n                                    October 29, 2019                                 <\/div>\n\n                                <div class=\"nk-post-text\">\n                                    BATIMAT, one of the biggest and best construction fairs in the world, is about to open its doors. The 2019 edition will be held from\u00a04 to 8 November\u00a0at the usual\u00a0Paris Nord Villepinte Exhibition Park in Paris, France. O FELIZ will attend the event as an exhibitor for the 3rd consecutive edition and will be located in\u00a0Hall 6, Corridor K, Stand 139. We will reinforce the disclosure of the Steel Construction, Coatings, Stainless Steel, Aluminum and Sandwich Panel sectors. There will be a special highlight in\u00a0Superomega\u00a0and\u00a0Product Lab. Will be waiting for your visit!                                <\/div>\n                                                    <\/div>\n                    <\/div>\n                                <\/div>\n\n                            <div class=\"nk-gap-4\"><\/div>\n                    <\/div>\n\n                    <div style=\"position: absolute; margin-top: -200px;\"\n                data-nk-infinite-scroll=\"true\"\n                data-id=\"1\"\n                data-next-page-url=\"\">\n            <\/div>\n        \n        [\/vc_column][\/vc_row]<\/p>\n<\/div>","protected":false},"excerpt":{"rendered":"<p>[vc_row][vc_column][\/vc_column][\/vc_row]<\/p>\n","protected":false},"author":1,"featured_media":0,"parent":0,"menu_order":0,"comment_status":"closed","ping_status":"closed","template":"","meta":{"footnotes":""},"class_list":["post-1419","page","type-page","status-publish","hentry"],"acf":[],"yoast_head":"<!-- This site is optimized with the Yoast SEO plugin v23.1 - https:\/\/yoast.com\/wordpress\/plugins\/seo\/ -->\n<title>Not\u00edcias &#8212; O FELIZ Painel<\/title>\n<meta name=\"robots\" content=\"index, follow, max-snippet:-1, max-image-preview:large, max-video-preview:-1\" \/>\n<link rel=\"canonical\" href=\"https:\/\/ofelizpainel.com\/en\/noticias\/\" \/>\n<meta property=\"og:locale\" content=\"en_US\" \/>\n<meta property=\"og:type\" content=\"article\" \/>\n<meta property=\"og:title\" content=\"Not\u00edcias &#8212; O FELIZ Painel\" \/>\n<meta property=\"og:description\" content=\"[vc_row][vc_column][\/vc_column][\/vc_row]\" \/>\n<meta property=\"og:url\" content=\"https:\/\/ofelizpainel.com\/en\/noticias\/\" \/>\n<meta property=\"og:site_name\" content=\"O FELIZ Painel\" \/>\n<meta property=\"article:publisher\" content=\"https:\/\/www.facebook.com\/grupo.ofeliz\" \/>\n<meta property=\"article:modified_time\" content=\"2025-11-18T12:23:15+00:00\" \/>\n<meta name=\"twitter:card\" content=\"summary_large_image\" \/>\n<script type=\"application\/ld+json\" class=\"yoast-schema-graph\">{\"@context\":\"https:\/\/schema.org\",\"@graph\":[{\"@type\":\"WebPage\",\"@id\":\"https:\/\/ofelizpainel.com\/en\/noticias\/\",\"url\":\"https:\/\/ofelizpainel.com\/en\/noticias\/\",\"name\":\"Not\u00edcias &#8212; O FELIZ Painel\",\"isPartOf\":{\"@id\":\"https:\/\/ofelizpainel.com\/#website\"},\"datePublished\":\"2017-04-07T10:10:17+00:00\",\"dateModified\":\"2025-11-18T12:23:15+00:00\",\"breadcrumb\":{\"@id\":\"https:\/\/ofelizpainel.com\/en\/noticias\/#breadcrumb\"},\"inLanguage\":\"en-US\",\"potentialAction\":[{\"@type\":\"ReadAction\",\"target\":[\"https:\/\/ofelizpainel.com\/en\/noticias\/\"]}]},{\"@type\":\"BreadcrumbList\",\"@id\":\"https:\/\/ofelizpainel.com\/en\/noticias\/#breadcrumb\",\"itemListElement\":[{\"@type\":\"ListItem\",\"position\":1,\"name\":\"In\u00edcio\",\"item\":\"https:\/\/ofelizpainel.com\/en\/home-2\/\"},{\"@type\":\"ListItem\",\"position\":2,\"name\":\"Not\u00edcias\"}]},{\"@type\":\"WebSite\",\"@id\":\"https:\/\/ofelizpainel.com\/#website\",\"url\":\"https:\/\/ofelizpainel.com\/\",\"name\":\"O FELIZ Painel\",\"description\":\"Sistemas de Painel Isolante para Arquitetura, Constru\u00e7\u00e3o e C\u00e2maras de Frio\",\"potentialAction\":[{\"@type\":\"SearchAction\",\"target\":{\"@type\":\"EntryPoint\",\"urlTemplate\":\"https:\/\/ofelizpainel.com\/?s={search_term_string}\"},\"query-input\":\"required name=search_term_string\"}],\"inLanguage\":\"en-US\"}]}<\/script>\n<!-- \/ Yoast SEO plugin. -->","yoast_head_json":{"title":"Not\u00edcias &#8212; O FELIZ Painel","robots":{"index":"index","follow":"follow","max-snippet":"max-snippet:-1","max-image-preview":"max-image-preview:large","max-video-preview":"max-video-preview:-1"},"canonical":"https:\/\/ofelizpainel.com\/en\/noticias\/","og_locale":"en_US","og_type":"article","og_title":"Not\u00edcias &#8212; O FELIZ Painel","og_description":"[vc_row][vc_column][\/vc_column][\/vc_row]","og_url":"https:\/\/ofelizpainel.com\/en\/noticias\/","og_site_name":"O FELIZ Painel","article_publisher":"https:\/\/www.facebook.com\/grupo.ofeliz","article_modified_time":"2025-11-18T12:23:15+00:00","twitter_card":"summary_large_image","schema":{"@context":"https:\/\/schema.org","@graph":[{"@type":"WebPage","@id":"https:\/\/ofelizpainel.com\/en\/noticias\/","url":"https:\/\/ofelizpainel.com\/en\/noticias\/","name":"Not\u00edcias &#8212; O FELIZ Painel","isPartOf":{"@id":"https:\/\/ofelizpainel.com\/#website"},"datePublished":"2017-04-07T10:10:17+00:00","dateModified":"2025-11-18T12:23:15+00:00","breadcrumb":{"@id":"https:\/\/ofelizpainel.com\/en\/noticias\/#breadcrumb"},"inLanguage":"en-US","potentialAction":[{"@type":"ReadAction","target":["https:\/\/ofelizpainel.com\/en\/noticias\/"]}]},{"@type":"BreadcrumbList","@id":"https:\/\/ofelizpainel.com\/en\/noticias\/#breadcrumb","itemListElement":[{"@type":"ListItem","position":1,"name":"In\u00edcio","item":"https:\/\/ofelizpainel.com\/en\/home-2\/"},{"@type":"ListItem","position":2,"name":"Not\u00edcias"}]},{"@type":"WebSite","@id":"https:\/\/ofelizpainel.com\/#website","url":"https:\/\/ofelizpainel.com\/","name":"O FELIZ Painel","description":"Sistemas de Painel Isolante para Arquitetura, Constru\u00e7\u00e3o e C\u00e2maras de Frio","potentialAction":[{"@type":"SearchAction","target":{"@type":"EntryPoint","urlTemplate":"https:\/\/ofelizpainel.com\/?s={search_term_string}"},"query-input":"required name=search_term_string"}],"inLanguage":"en-US"}]}},"_links":{"self":[{"href":"https:\/\/ofelizpainel.com\/en\/wp-json\/wp\/v2\/pages\/1419"}],"collection":[{"href":"https:\/\/ofelizpainel.com\/en\/wp-json\/wp\/v2\/pages"}],"about":[{"href":"https:\/\/ofelizpainel.com\/en\/wp-json\/wp\/v2\/types\/page"}],"author":[{"embeddable":true,"href":"https:\/\/ofelizpainel.com\/en\/wp-json\/wp\/v2\/users\/1"}],"replies":[{"embeddable":true,"href":"https:\/\/ofelizpainel.com\/en\/wp-json\/wp\/v2\/comments?post=1419"}],"version-history":[{"count":3,"href":"https:\/\/ofelizpainel.com\/en\/wp-json\/wp\/v2\/pages\/1419\/revisions"}],"predecessor-version":[{"id":7455,"href":"https:\/\/ofelizpainel.com\/en\/wp-json\/wp\/v2\/pages\/1419\/revisions\/7455"}],"wp:attachment":[{"href":"https:\/\/ofelizpainel.com\/en\/wp-json\/wp\/v2\/media?parent=1419"}],"curies":[{"name":"wp","href":"https:\/\/api.w.org\/{rel}","templated":true}]}}